{"id":23523,"date":"2022-12-28T10:22:57","date_gmt":"2022-12-28T08:22:57","guid":{"rendered":"https:\/\/applieditweb.com\/quality-policy\/"},"modified":"2025-11-12T10:16:50","modified_gmt":"2025-11-12T08:16:50","slug":"politica-de-calidad","status":"publish","type":"page","link":"https:\/\/applieditweb.com\/es\/politica-de-calidad\/","title":{"rendered":"Pol\u00edtica de calidad"},"content":{"rendered":"<p><div class=\"fusion-fullwidth fullwidth-box fusion-builder-row-1 fusion-flex-container nonhundred-percent-fullwidth non-hundred-percent-height-scrolling\" style=\"--awb-border-radius-top-left:0px;--awb-border-radius-top-right:0px;--awb-border-radius-bottom-right:0px;--awb-border-radius-bottom-left:0px;--awb-flex-wrap:wrap;\" ><div class=\"fusion-builder-row fusion-row fusion-flex-align-items-flex-start fusion-flex-content-wrap\" style=\"max-width:1179.36px;margin-left: calc(-4% \/ 2 );margin-right: calc(-4% \/ 2 );\"><div class=\"fusion-layout-column fusion_builder_column fusion-builder-column-0 fusion_builder_column_1_1 1_1 fusion-flex-column\" style=\"--awb-bg-size:cover;--awb-width-large:100%;--awb-margin-top-large:0px;--awb-spacing-right-large:1.92%;--awb-margin-bottom-large:20px;--awb-spacing-left-large:1.92%;--awb-width-medium:100%;--awb-order-medium:0;--awb-spacing-right-medium:1.92%;--awb-spacing-left-medium:1.92%;--awb-width-small:100%;--awb-order-small:0;--awb-spacing-right-small:1.92%;--awb-spacing-left-small:1.92%;\"><div class=\"fusion-column-wrapper fusion-column-has-shadow fusion-flex-justify-content-flex-start fusion-content-layout-column\"><div class=\"fusion-text fusion-text-1\"><h5 class=\"legal\">LEGAL<\/h5>\n<h1 class=\"privacy\">Pol\u00edtica de Calidad<\/h1>\n<\/div><\/div><\/div><\/div><\/div><div class=\"fusion-fullwidth fullwidth-box fusion-builder-row-2 fusion-flex-container has-pattern-background has-mask-background nonhundred-percent-fullwidth non-hundred-percent-height-scrolling\" style=\"--awb-border-radius-top-left:0px;--awb-border-radius-top-right:0px;--awb-border-radius-bottom-right:0px;--awb-border-radius-bottom-left:0px;--awb-padding-right:91px;--awb-padding-left:91px;--awb-padding-right-small:10px;--awb-padding-left-small:10px;--awb-flex-wrap:wrap;\" ><div class=\"fusion-builder-row fusion-row fusion-flex-align-items-flex-start fusion-flex-content-wrap\" style=\"max-width:1179.36px;margin-left: calc(-4% \/ 2 );margin-right: calc(-4% \/ 2 );\"><div class=\"fusion-layout-column fusion_builder_column fusion-builder-column-1 fusion_builder_column_1_1 1_1 fusion-flex-column\" style=\"--awb-bg-blend:overlay;--awb-bg-size:cover;--awb-width-large:100%;--awb-margin-top-large:0px;--awb-spacing-right-large:1.92%;--awb-margin-bottom-large:0px;--awb-spacing-left-large:1.92%;--awb-width-medium:100%;--awb-spacing-right-medium:1.92%;--awb-spacing-left-medium:1.92%;--awb-width-small:100%;--awb-spacing-right-small:1.92%;--awb-spacing-left-small:1.92%;\"><div class=\"fusion-column-wrapper fusion-flex-justify-content-flex-start fusion-content-layout-column\"><div class=\"fusion-text fusion-text-2\"><p>AppliediT tiene como objetivo ser el l\u00edder en gesti\u00f3n de datos y an\u00e1lisis de procesos industriales, directos e indirectos, a trav\u00e9s de herramientas anal\u00edticas avanzadas desarrolladas por nosotros en base a las necesidades de nuestros clientes.<\/p>\n<p>Trabajamos constantemente en la mejora continua de nuestras soluciones, con el objetivo de ofrecer a nuestros clientes productos y servicios de calidad y un alto grado de cumplimiento de sus expectativas. El objetivo de AppliediT es fidelizar a nuestros clientes aportando valor a trav\u00e9s de soluciones innovadoras, eficientes y de alta calidad.<\/p>\n<p>Este objetivo se desarrolla a trav\u00e9s de nuestro Sistema de Gesti\u00f3n de Calidad, de acuerdo con la norma ISO 9001:2015, que persigue:<\/p>\n<ul>\n<li>Mantener canales de comunicaci\u00f3n adecuados con los clientes para detectar sus necesidades actuales y futuras, con el fin de lograr la satisfacci\u00f3n del cliente.<\/li>\n<li>Desarrollar nuestras actividades dentro de la normativa aplicable, cumpliendo con la legislaci\u00f3n vigente, as\u00ed como otros requisitos suscritos con nuestros clientes.<\/li>\n<li>Cumplir con los requisitos y mejorar continuamente la eficacia del Sistema de Gesti\u00f3n de Calidad, a trav\u00e9s de la implementaci\u00f3n de sistemas de medici\u00f3n y seguimiento de las soluciones y desarrollos realizados para nuestros clientes, as\u00ed como objetivos de calidad.<\/li>\n<li>Realizar nuestro trabajo encaminado a la consecuci\u00f3n de los objetivos marcados e intentando ajustarlo siempre a los requerimientos acordados con el cliente.<\/li>\n<li>Analizar riesgos y oportunidades en el contexto de la Organizaci\u00f3n.<\/li>\n<\/ul>\n<p>Esta pol\u00edtica es promovida por la alta direcci\u00f3n de AppliediT, que se compromete a proporcionar los medios y recursos necesarios para implementarla y mantenerla.<\/p>\n<p>La visi\u00f3n de AppliediT se lleva a cabo utilizando los siguientes valores:<\/p>\n<ul>\n<li>Innovaci\u00f3n y flexibilidad adapt\u00e1ndose a las continuas exigencias del mercado.<\/li>\n<li>Diversidad e inclusi\u00f3n, promoviendo el respeto por sus empleados y a trav\u00e9s del crecimiento personal y laboral.<\/li>\n<li>Responsabilidad social corporativa, promoviendo iniciativas que contribuyan positivamente a la vida de la comunidad.<\/li>\n<li>Transparencia y honestidad con clientes, proveedores y competencia.<\/li>\n<li>Buscar la m\u00e1xima calidad como objetivo a trav\u00e9s de la mejora continua.<\/li>\n<\/ul>\n<p>Esta Pol\u00edtica fue aprobada inicialmente por el Ignacio Qui\u00f1onero Ferrer el 12 de septiembre de 2019 y revisada por \u00faltima vez el 30 de octubre de 2025.<\/p>\n<\/div><\/div><\/div><\/div><\/div><\/p>\n","protected":false},"excerpt":{"rendered":"","protected":false},"author":23,"featured_media":0,"parent":0,"menu_order":0,"comment_status":"closed","ping_status":"closed","template":"","meta":{"_acf_changed":false,"footnotes":""},"class_list":["post-23523","page","type-page","status-publish","hentry"],"acf":[],"yoast_head":"<!-- This site is optimized with the Yoast SEO plugin v26.1 - https:\/\/yoast.com\/wordpress\/plugins\/seo\/ -->\n<title>Pol\u00edtica de calidad - AppliediT<\/title>\n<meta name=\"description\" content=\"Pol\u00edtica de calidad de AppliediT. Pretendemos ser l\u00edder en gesti\u00f3n de datos y an\u00e1lisis de procesos industriales a trav\u00e9s de herramientas de anal\u00edtica avanzada.\" \/>\n<meta name=\"robots\" content=\"index, follow, max-snippet:-1, max-image-preview:large, max-video-preview:-1\" \/>\n<link rel=\"canonical\" href=\"https:\/\/applieditweb.com\/es\/politica-de-calidad\/\" \/>\n<meta property=\"og:locale\" content=\"es_ES\" \/>\n<meta property=\"og:type\" content=\"article\" \/>\n<meta property=\"og:title\" content=\"Pol\u00edtica de calidad - AppliediT\" \/>\n<meta property=\"og:description\" content=\"Pol\u00edtica de calidad de AppliediT. Pretendemos ser l\u00edder en gesti\u00f3n de datos y an\u00e1lisis de procesos industriales a trav\u00e9s de herramientas de anal\u00edtica avanzada.\" \/>\n<meta property=\"og:url\" content=\"https:\/\/applieditweb.com\/es\/politica-de-calidad\/\" \/>\n<meta property=\"og:site_name\" content=\"AppliediT\" \/>\n<meta property=\"article:modified_time\" content=\"2025-11-12T08:16:50+00:00\" \/>\n<meta property=\"og:image\" content=\"https:\/\/applieditweb.com\/wp-content\/uploads\/2023\/02\/OG-Facebook-Twitter-1024x576.png\" \/>\n<meta name=\"twitter:card\" content=\"summary_large_image\" \/>\n<meta name=\"twitter:image\" content=\"https:\/\/applieditweb.com\/wp-content\/uploads\/2023\/02\/OG-Facebook-Twitter-1024x576.png\" \/>\n<meta name=\"twitter:site\" content=\"@AppliediT_es\" \/>\n<meta name=\"twitter:label1\" content=\"Tiempo de lectura\" \/>\n\t<meta name=\"twitter:data1\" content=\"2 minutos\" \/>\n<script type=\"application\/ld+json\" class=\"yoast-schema-graph\">{\"@context\":\"https:\/\/schema.org\",\"@graph\":[{\"@type\":\"WebPage\",\"@id\":\"https:\/\/applieditweb.com\/es\/politica-de-calidad\/\",\"url\":\"https:\/\/applieditweb.com\/es\/politica-de-calidad\/\",\"name\":\"Pol\u00edtica de calidad - AppliediT\",\"isPartOf\":{\"@id\":\"https:\/\/applieditweb.com\/es\/#website\"},\"datePublished\":\"2022-12-28T08:22:57+00:00\",\"dateModified\":\"2025-11-12T08:16:50+00:00\",\"description\":\"Pol\u00edtica de calidad de AppliediT. Pretendemos ser l\u00edder en gesti\u00f3n de datos y an\u00e1lisis de procesos industriales a trav\u00e9s de herramientas de anal\u00edtica avanzada.\",\"breadcrumb\":{\"@id\":\"https:\/\/applieditweb.com\/es\/politica-de-calidad\/#breadcrumb\"},\"inLanguage\":\"es\",\"potentialAction\":[{\"@type\":\"ReadAction\",\"target\":[\"https:\/\/applieditweb.com\/es\/politica-de-calidad\/\"]}]},{\"@type\":\"BreadcrumbList\",\"@id\":\"https:\/\/applieditweb.com\/es\/politica-de-calidad\/#breadcrumb\",\"itemListElement\":[{\"@type\":\"ListItem\",\"position\":1,\"name\":\"Home\",\"item\":\"https:\/\/applieditweb.com\/es\/\"},{\"@type\":\"ListItem\",\"position\":2,\"name\":\"Pol\u00edtica de calidad\"}]},{\"@type\":\"WebSite\",\"@id\":\"https:\/\/applieditweb.com\/es\/#website\",\"url\":\"https:\/\/applieditweb.com\/es\/\",\"name\":\"appplieditweb.com\",\"description\":\"Capitalizing on Data\",\"publisher\":{\"@id\":\"https:\/\/applieditweb.com\/es\/#organization\"},\"potentialAction\":[{\"@type\":\"SearchAction\",\"target\":{\"@type\":\"EntryPoint\",\"urlTemplate\":\"https:\/\/applieditweb.com\/es\/?s={search_term_string}\"},\"query-input\":{\"@type\":\"PropertyValueSpecification\",\"valueRequired\":true,\"valueName\":\"search_term_string\"}}],\"inLanguage\":\"es\"},{\"@type\":\"Organization\",\"@id\":\"https:\/\/applieditweb.com\/es\/#organization\",\"name\":\"appplieditweb.com\",\"url\":\"https:\/\/applieditweb.com\/es\/\",\"logo\":{\"@type\":\"ImageObject\",\"inLanguage\":\"es\",\"@id\":\"https:\/\/applieditweb.com\/es\/#\/schema\/logo\/image\/\",\"url\":\"https:\/\/applieditweb.com\/wp-content\/uploads\/2022\/12\/appliedit-footer.webp\",\"contentUrl\":\"https:\/\/applieditweb.com\/wp-content\/uploads\/2022\/12\/appliedit-footer.webp\",\"width\":206,\"height\":60,\"caption\":\"appplieditweb.com\"},\"image\":{\"@id\":\"https:\/\/applieditweb.com\/es\/#\/schema\/logo\/image\/\"},\"sameAs\":[\"https:\/\/x.com\/AppliediT_es\",\"https:\/\/www.youtube.com\/@AppliediT\",\"https:\/\/www.instagram.com\/appliedit_es\/\"]}]}<\/script>\n<!-- \/ Yoast SEO plugin. -->","yoast_head_json":{"title":"Pol\u00edtica de calidad - AppliediT","description":"Pol\u00edtica de calidad de AppliediT. Pretendemos ser l\u00edder en gesti\u00f3n de datos y an\u00e1lisis de procesos industriales a trav\u00e9s de herramientas de anal\u00edtica avanzada.","robots":{"index":"index","follow":"follow","max-snippet":"max-snippet:-1","max-image-preview":"max-image-preview:large","max-video-preview":"max-video-preview:-1"},"canonical":"https:\/\/applieditweb.com\/es\/politica-de-calidad\/","og_locale":"es_ES","og_type":"article","og_title":"Pol\u00edtica de calidad - AppliediT","og_description":"Pol\u00edtica de calidad de AppliediT. Pretendemos ser l\u00edder en gesti\u00f3n de datos y an\u00e1lisis de procesos industriales a trav\u00e9s de herramientas de anal\u00edtica avanzada.","og_url":"https:\/\/applieditweb.com\/es\/politica-de-calidad\/","og_site_name":"AppliediT","article_modified_time":"2025-11-12T08:16:50+00:00","og_image":[{"url":"https:\/\/applieditweb.com\/wp-content\/uploads\/2023\/02\/OG-Facebook-Twitter-1024x576.png","type":"","width":"","height":""}],"twitter_card":"summary_large_image","twitter_image":"https:\/\/applieditweb.com\/wp-content\/uploads\/2023\/02\/OG-Facebook-Twitter-1024x576.png","twitter_site":"@AppliediT_es","twitter_misc":{"Tiempo de lectura":"2 minutos"},"schema":{"@context":"https:\/\/schema.org","@graph":[{"@type":"WebPage","@id":"https:\/\/applieditweb.com\/es\/politica-de-calidad\/","url":"https:\/\/applieditweb.com\/es\/politica-de-calidad\/","name":"Pol\u00edtica de calidad - AppliediT","isPartOf":{"@id":"https:\/\/applieditweb.com\/es\/#website"},"datePublished":"2022-12-28T08:22:57+00:00","dateModified":"2025-11-12T08:16:50+00:00","description":"Pol\u00edtica de calidad de AppliediT. Pretendemos ser l\u00edder en gesti\u00f3n de datos y an\u00e1lisis de procesos industriales a trav\u00e9s de herramientas de anal\u00edtica avanzada.","breadcrumb":{"@id":"https:\/\/applieditweb.com\/es\/politica-de-calidad\/#breadcrumb"},"inLanguage":"es","potentialAction":[{"@type":"ReadAction","target":["https:\/\/applieditweb.com\/es\/politica-de-calidad\/"]}]},{"@type":"BreadcrumbList","@id":"https:\/\/applieditweb.com\/es\/politica-de-calidad\/#breadcrumb","itemListElement":[{"@type":"ListItem","position":1,"name":"Home","item":"https:\/\/applieditweb.com\/es\/"},{"@type":"ListItem","position":2,"name":"Pol\u00edtica de calidad"}]},{"@type":"WebSite","@id":"https:\/\/applieditweb.com\/es\/#website","url":"https:\/\/applieditweb.com\/es\/","name":"appplieditweb.com","description":"Capitalizing on Data","publisher":{"@id":"https:\/\/applieditweb.com\/es\/#organization"},"potentialAction":[{"@type":"SearchAction","target":{"@type":"EntryPoint","urlTemplate":"https:\/\/applieditweb.com\/es\/?s={search_term_string}"},"query-input":{"@type":"PropertyValueSpecification","valueRequired":true,"valueName":"search_term_string"}}],"inLanguage":"es"},{"@type":"Organization","@id":"https:\/\/applieditweb.com\/es\/#organization","name":"appplieditweb.com","url":"https:\/\/applieditweb.com\/es\/","logo":{"@type":"ImageObject","inLanguage":"es","@id":"https:\/\/applieditweb.com\/es\/#\/schema\/logo\/image\/","url":"https:\/\/applieditweb.com\/wp-content\/uploads\/2022\/12\/appliedit-footer.webp","contentUrl":"https:\/\/applieditweb.com\/wp-content\/uploads\/2022\/12\/appliedit-footer.webp","width":206,"height":60,"caption":"appplieditweb.com"},"image":{"@id":"https:\/\/applieditweb.com\/es\/#\/schema\/logo\/image\/"},"sameAs":["https:\/\/x.com\/AppliediT_es","https:\/\/www.youtube.com\/@AppliediT","https:\/\/www.instagram.com\/appliedit_es\/"]}]}},"_links":{"self":[{"href":"https:\/\/applieditweb.com\/es\/wp-json\/wp\/v2\/pages\/23523","targetHints":{"allow":["GET"]}}],"collection":[{"href":"https:\/\/applieditweb.com\/es\/wp-json\/wp\/v2\/pages"}],"about":[{"href":"https:\/\/applieditweb.com\/es\/wp-json\/wp\/v2\/types\/page"}],"author":[{"embeddable":true,"href":"https:\/\/applieditweb.com\/es\/wp-json\/wp\/v2\/users\/23"}],"replies":[{"embeddable":true,"href":"https:\/\/applieditweb.com\/es\/wp-json\/wp\/v2\/comments?post=23523"}],"version-history":[{"count":8,"href":"https:\/\/applieditweb.com\/es\/wp-json\/wp\/v2\/pages\/23523\/revisions"}],"predecessor-version":[{"id":36500,"href":"https:\/\/applieditweb.com\/es\/wp-json\/wp\/v2\/pages\/23523\/revisions\/36500"}],"wp:attachment":[{"href":"https:\/\/applieditweb.com\/es\/wp-json\/wp\/v2\/media?parent=23523"}],"curies":[{"name":"wp","href":"https:\/\/api.w.org\/{rel}","templated":true}]}}