{"id":23517,"date":"2022-10-14T19:19:09","date_gmt":"2022-10-14T17:19:09","guid":{"rendered":"https:\/\/applieditweb.com\/privacy-policy\/"},"modified":"2024-05-16T11:13:41","modified_gmt":"2024-05-16T09:13:41","slug":"politica-de-privacidad","status":"publish","type":"page","link":"https:\/\/applieditweb.com\/es\/politica-de-privacidad\/","title":{"rendered":"Pol\u00edtica de Privacidad"},"content":{"rendered":"<p><div class=\"fusion-fullwidth fullwidth-box fusion-builder-row-1 fusion-flex-container nonhundred-percent-fullwidth non-hundred-percent-height-scrolling\" style=\"--awb-border-radius-top-left:0px;--awb-border-radius-top-right:0px;--awb-border-radius-bottom-right:0px;--awb-border-radius-bottom-left:0px;--awb-flex-wrap:wrap;\" ><div class=\"fusion-builder-row fusion-row fusion-flex-align-items-flex-start fusion-flex-content-wrap\" style=\"max-width:1179.36px;margin-left: calc(-4% \/ 2 );margin-right: calc(-4% \/ 2 );\"><div class=\"fusion-layout-column fusion_builder_column fusion-builder-column-0 fusion_builder_column_1_1 1_1 fusion-flex-column\" style=\"--awb-bg-size:cover;--awb-width-large:100%;--awb-margin-top-large:0px;--awb-spacing-right-large:1.92%;--awb-margin-bottom-large:20px;--awb-spacing-left-large:1.92%;--awb-width-medium:100%;--awb-order-medium:0;--awb-spacing-right-medium:1.92%;--awb-spacing-left-medium:1.92%;--awb-width-small:100%;--awb-order-small:0;--awb-spacing-right-small:1.92%;--awb-spacing-left-small:1.92%;\"><div class=\"fusion-column-wrapper fusion-column-has-shadow fusion-flex-justify-content-flex-start fusion-content-layout-column\"><div class=\"fusion-text fusion-text-1\"><h5 class=\"legal\">LEGAL<\/h5>\n<h1 class=\"privacy\">Pol\u00edtica de privacidad<\/h1>\n<\/div><\/div><\/div><\/div><\/div><div class=\"fusion-fullwidth fullwidth-box fusion-builder-row-2 fusion-flex-container has-pattern-background has-mask-background nonhundred-percent-fullwidth non-hundred-percent-height-scrolling\" style=\"--awb-border-radius-top-left:0px;--awb-border-radius-top-right:0px;--awb-border-radius-bottom-right:0px;--awb-border-radius-bottom-left:0px;--awb-padding-right:91px;--awb-padding-left:91px;--awb-padding-right-small:10px;--awb-padding-left-small:10px;--awb-flex-wrap:wrap;\" ><div class=\"fusion-builder-row fusion-row fusion-flex-align-items-flex-start fusion-flex-content-wrap\" style=\"max-width:1179.36px;margin-left: calc(-4% \/ 2 );margin-right: calc(-4% \/ 2 );\"><div class=\"fusion-layout-column fusion_builder_column fusion-builder-column-1 fusion_builder_column_1_1 1_1 fusion-flex-column\" style=\"--awb-bg-blend:overlay;--awb-bg-size:cover;--awb-width-large:100%;--awb-margin-top-large:0px;--awb-spacing-right-large:1.92%;--awb-margin-bottom-large:0px;--awb-spacing-left-large:1.92%;--awb-width-medium:100%;--awb-spacing-right-medium:1.92%;--awb-spacing-left-medium:1.92%;--awb-width-small:100%;--awb-spacing-right-small:1.92%;--awb-spacing-left-small:1.92%;\"><div class=\"fusion-column-wrapper fusion-flex-justify-content-flex-start fusion-content-layout-column\"><div class=\"fusion-text fusion-text-2\"><h3>Qui\u00e9nes <span style=\"color: #dc6968;\">somos<\/span><\/h3>\n<p>AppliediT S.L. Puede encontrarnos en Avenida Ingeniero F\u00e9lix Sancho 3, Planta 1, Oficina 3. El Puerto de Santa Mar\u00eda (C\u00e1diz) \u2013 Spain.<br \/>\nLa direcci\u00f3n de nuestro sitio web es: <a href=\"https:\/\/applieditweb.com\/es\/\"><span style=\"color: #000000;\"><span style=\"color: #ec6064;\">https:\/\/applieditweb.com.<\/span><\/span><\/a><\/p>\n<h3>Qu\u00e9 datos personales recopilamos y <span style=\"color: #dc6968;\">por qu\u00e9 los recopilamos<\/span><\/h3>\n<p>En este sitio web podr\u00edamos recopilar datos de usted que pueden incluir datos personales, como nombre, direcci\u00f3n de correo electr\u00f3nico, preferencias de cuenta personal; datos transaccionales, como informaci\u00f3n de compra; y datos t\u00e9cnicos, como informaci\u00f3n sobre cookies. Los datos personales tambi\u00e9n se generan a partir de procesos t\u00e9cnicos como formularios de contacto, comentarios, cookies, an\u00e1lisis e incrustaciones de terceros.<\/p>\n<h3><span style=\"color: #dc6968;\">Comentarios<\/span><\/h3>\n<p>Cuando los visitantes dejan comentarios en el sitio, recopilamos los datos que se muestran en el formulario de comentarios, y tambi\u00e9n la direcci\u00f3n IP del visitante y la cadena del agente de usuario del navegador para ayudar a la detecci\u00f3n de spam.<\/p>\n<p>Se puede proporcionar una cadena an\u00f3nima creada a partir de su direcci\u00f3n de correo electr\u00f3nico (tambi\u00e9n llamada hash) al servicio Gravatar para ver si la est\u00e1 utilizando. La pol\u00edtica de privacidad del servicio Gravatar est\u00e1 disponible aqu\u00ed: https:\/\/automattic.com\/privacy\/. Despu\u00e9s de la aprobaci\u00f3n de su comentario, su foto de perfil es visible para el p\u00fablico en el contexto de su comentario.<\/p>\n<h3><span style=\"color: #dc6968;\">Medio<\/span><\/h3>\n<p>Si carga im\u00e1genes en el sitio web, debe evitar cargar im\u00e1genes con datos de ubicaci\u00f3n incrustados (GPS EXIF) incluidos. Los visitantes del sitio web pueden descargar y extraer cualquier dato de ubicaci\u00f3n de las im\u00e1genes en el sitio web.<\/p>\n<h3><span style=\"color: #dc6968;\">Cookies<\/span><\/h3>\n<p>Si deja un comentario en nuestro sitio, puede optar por guardar su nombre, direcci\u00f3n de correo electr\u00f3nico y sitio web en cookies. Estos son para su conveniencia para que no tenga que volver a completar sus datos cuando deje otro comentario. Estas cookies tendr\u00e1n una duraci\u00f3n de un a\u00f1o.<\/p>\n<p>Si tiene una cuenta e inicia sesi\u00f3n en este sitio, estableceremos una cookie temporal para determinar si su navegador acepta cookies. Esta cookie no contiene datos personales y se descarta cuando cierra su navegador.<\/p>\n<p>Cuando inicie sesi\u00f3n, tambi\u00e9n configuraremos varias cookies para guardar su informaci\u00f3n de inicio de sesi\u00f3n y sus opciones de visualizaci\u00f3n de pantalla. Las cookies de inicio de sesi\u00f3n duran dos d\u00edas y las cookies de opciones de pantalla duran un a\u00f1o. Si selecciona \u00abRecordarme\u00bb, su inicio de sesi\u00f3n persistir\u00e1 durante dos semanas. Si cierra la sesi\u00f3n de su cuenta, se eliminar\u00e1n las cookies de inicio de sesi\u00f3n.<\/p>\n<p>Si edita o publica un art\u00edculo, se guardar\u00e1 una cookie adicional en su navegador. Esta cookie no incluye datos personales y simplemente indica el ID de publicaci\u00f3n del art\u00edculo que acaba de editar. Caduca despu\u00e9s de 1 d\u00eda.<\/p>\n<h3><span style=\"color: #dc6968;\">Contenido incrustado <\/span>de otros sitios web<\/h3>\n<p>Los art\u00edculos en este sitio pueden incluir contenido incrustado (por ejemplo, videos, im\u00e1genes, art\u00edculos, etc.). El contenido incrustado de otros sitios web se comporta exactamente de la misma manera que si el visitante hubiera visitado el otro sitio web.<\/p>\n<p>Estos sitios web pueden recopilar datos sobre usted, usar cookies, incrustar seguimiento adicional de terceros y monitorear su interacci\u00f3n con ese contenido incrustado, incluido el seguimiento de su interacci\u00f3n con el contenido incrustado si tiene una cuenta y ha iniciado sesi\u00f3n en ese sitio web.<\/p>\n<h3><span style=\"color: #dc6968;\">Anal\u00edtica<\/span><\/h3>\n<p>Los art\u00edculos en este sitio pueden incluir contenido incrustado (por ejemplo, videos, im\u00e1genes, art\u00edculos, etc.). El contenido incrustado de otros sitios web se comporta exactamente de la misma manera que si el visitante hubiera visitado el otro sitio web.<br \/>\nEstos sitios web pueden recopilar datos sobre usted, usar cookies, incrustar seguimiento adicional de terceros y monitorear su interacci\u00f3n con ese contenido incrustado, incluido el seguimiento de su interacci\u00f3n con el contenido incrustado si tiene una cuenta y ha iniciado sesi\u00f3n en ese sitio web.<\/p>\n<h3>Con qui\u00e9n <span style=\"color: #dc6968;\">compartimos sus datos<\/span><\/h3>\n<p>Por defecto AppliediT S.L. no comparte ning\u00fan dato personal con nadie.<\/p>\n<h3>Cu\u00e1nto tiempo <span style=\"color: #dc6968;\">conservamos sus datos<\/span><\/h3>\n<p>Si deja un comentario, el comentario y sus metadatos se conservan indefinidamente. Esto es para que podamos reconocer y aprobar cualquier comentario de seguimiento autom\u00e1ticamente en lugar de mantenerlos en una cola de moderaci\u00f3n.<\/p>\n<p>Para los usuarios que se registran en nuestro sitio web (si corresponde), tambi\u00e9n almacenamos la informaci\u00f3n personal que proporcionan en su perfil de usuario. Todos los usuarios pueden ver, editar o eliminar su informaci\u00f3n personal en cualquier momento (excepto que no pueden cambiar su nombre de usuario). Los administradores de sitios web tambi\u00e9n pueden ver y editar esa informaci\u00f3n.<\/p>\n<h3>Qu\u00e9 <span style=\"color: #dc6968;\">derechos <\/span>tiene sobre sus datos<\/h3>\n<p>Si tiene una cuenta en este sitio o ha dejado comentarios, puede solicitar recibir un archivo exportado de los datos personales que tenemos sobre usted, incluidos los datos que nos ha proporcionado. Tambi\u00e9n puede solicitar que borremos cualquier dato personal que tengamos sobre usted. Esto no incluye ning\u00fan dato que estemos obligados a conservar con fines administrativos, legales o de seguridad.<\/p>\n<h3><span style=\"color: #dc6968;\">D\u00f3nde <\/span>enviamos sus datos<\/h3>\n<p>Los comentarios de los visitantes pueden verificarse a trav\u00e9s de un servicio automatizado de detecci\u00f3n de spam.<\/p>\n<h3><span style=\"color: #dc6968;\">Informaci\u00f3n <\/span>de contacto<\/h3>\n<p>Si tiene alguna pregunta o desea ponerse en contacto con nosotros por favor utilice el siguiente correo electr\u00f3nico:<br \/>\n<a href=\"mailto:contact@applieditweb.com\"><span style=\"color: #ec6064;\">contact@applieditweb.com<\/span><\/a><\/p>\n<\/div><\/div><\/div><\/div><\/div><\/p>\n","protected":false},"excerpt":{"rendered":"","protected":false},"author":23,"featured_media":0,"parent":0,"menu_order":0,"comment_status":"closed","ping_status":"closed","template":"","meta":{"_acf_changed":false,"footnotes":""},"class_list":["post-23517","page","type-page","status-publish","hentry"],"acf":[],"yoast_head":"<!-- This site is optimized with the Yoast SEO plugin v26.1 - https:\/\/yoast.com\/wordpress\/plugins\/seo\/ -->\n<title>Pol\u00edtica de Privacidad - AppliediT<\/title>\n<meta name=\"description\" content=\"Pol\u00edtica de privacidad sobre AppliediT. Si tiene alguna pregunta o desea ponerse en contacto con nosotros, utilice contact@applieditweb.com.\" \/>\n<meta name=\"robots\" content=\"index, follow, max-snippet:-1, max-image-preview:large, max-video-preview:-1\" \/>\n<link rel=\"canonical\" href=\"https:\/\/applieditweb.com\/es\/politica-de-privacidad\/\" \/>\n<meta property=\"og:locale\" content=\"es_ES\" \/>\n<meta property=\"og:type\" content=\"article\" \/>\n<meta property=\"og:title\" content=\"Pol\u00edtica de Privacidad - AppliediT\" \/>\n<meta property=\"og:description\" content=\"Pol\u00edtica de privacidad sobre AppliediT. Si tiene alguna pregunta o desea ponerse en contacto con nosotros, utilice contact@applieditweb.com.\" \/>\n<meta property=\"og:url\" content=\"https:\/\/applieditweb.com\/es\/politica-de-privacidad\/\" \/>\n<meta property=\"og:site_name\" content=\"AppliediT\" \/>\n<meta property=\"article:modified_time\" content=\"2024-05-16T09:13:41+00:00\" \/>\n<meta property=\"og:image\" content=\"https:\/\/applieditweb.com\/wp-content\/uploads\/2023\/02\/OG-Facebook-Twitter-1024x576.png\" \/>\n<meta name=\"twitter:card\" content=\"summary_large_image\" \/>\n<meta name=\"twitter:image\" content=\"https:\/\/applieditweb.com\/wp-content\/uploads\/2023\/02\/OG-Facebook-Twitter-1024x576.png\" \/>\n<meta name=\"twitter:site\" content=\"@AppliediT_es\" \/>\n<meta name=\"twitter:label1\" content=\"Tiempo de lectura\" \/>\n\t<meta name=\"twitter:data1\" content=\"4 minutos\" \/>\n<script type=\"application\/ld+json\" class=\"yoast-schema-graph\">{\"@context\":\"https:\/\/schema.org\",\"@graph\":[{\"@type\":\"WebPage\",\"@id\":\"https:\/\/applieditweb.com\/es\/politica-de-privacidad\/\",\"url\":\"https:\/\/applieditweb.com\/es\/politica-de-privacidad\/\",\"name\":\"Pol\u00edtica de Privacidad - AppliediT\",\"isPartOf\":{\"@id\":\"https:\/\/applieditweb.com\/es\/#website\"},\"datePublished\":\"2022-10-14T17:19:09+00:00\",\"dateModified\":\"2024-05-16T09:13:41+00:00\",\"description\":\"Pol\u00edtica de privacidad sobre AppliediT. Si tiene alguna pregunta o desea ponerse en contacto con nosotros, utilice contact@applieditweb.com.\",\"breadcrumb\":{\"@id\":\"https:\/\/applieditweb.com\/es\/politica-de-privacidad\/#breadcrumb\"},\"inLanguage\":\"es\",\"potentialAction\":[{\"@type\":\"ReadAction\",\"target\":[\"https:\/\/applieditweb.com\/es\/politica-de-privacidad\/\"]}]},{\"@type\":\"BreadcrumbList\",\"@id\":\"https:\/\/applieditweb.com\/es\/politica-de-privacidad\/#breadcrumb\",\"itemListElement\":[{\"@type\":\"ListItem\",\"position\":1,\"name\":\"Home\",\"item\":\"https:\/\/applieditweb.com\/es\/\"},{\"@type\":\"ListItem\",\"position\":2,\"name\":\"Pol\u00edtica de Privacidad\"}]},{\"@type\":\"WebSite\",\"@id\":\"https:\/\/applieditweb.com\/es\/#website\",\"url\":\"https:\/\/applieditweb.com\/es\/\",\"name\":\"appplieditweb.com\",\"description\":\"Capitalizing on Data\",\"publisher\":{\"@id\":\"https:\/\/applieditweb.com\/es\/#organization\"},\"potentialAction\":[{\"@type\":\"SearchAction\",\"target\":{\"@type\":\"EntryPoint\",\"urlTemplate\":\"https:\/\/applieditweb.com\/es\/?s={search_term_string}\"},\"query-input\":{\"@type\":\"PropertyValueSpecification\",\"valueRequired\":true,\"valueName\":\"search_term_string\"}}],\"inLanguage\":\"es\"},{\"@type\":\"Organization\",\"@id\":\"https:\/\/applieditweb.com\/es\/#organization\",\"name\":\"appplieditweb.com\",\"url\":\"https:\/\/applieditweb.com\/es\/\",\"logo\":{\"@type\":\"ImageObject\",\"inLanguage\":\"es\",\"@id\":\"https:\/\/applieditweb.com\/es\/#\/schema\/logo\/image\/\",\"url\":\"https:\/\/applieditweb.com\/wp-content\/uploads\/2022\/12\/appliedit-footer.webp\",\"contentUrl\":\"https:\/\/applieditweb.com\/wp-content\/uploads\/2022\/12\/appliedit-footer.webp\",\"width\":206,\"height\":60,\"caption\":\"appplieditweb.com\"},\"image\":{\"@id\":\"https:\/\/applieditweb.com\/es\/#\/schema\/logo\/image\/\"},\"sameAs\":[\"https:\/\/x.com\/AppliediT_es\",\"https:\/\/www.youtube.com\/@AppliediT\",\"https:\/\/www.instagram.com\/appliedit_es\/\"]}]}<\/script>\n<!-- \/ Yoast SEO plugin. -->","yoast_head_json":{"title":"Pol\u00edtica de Privacidad - AppliediT","description":"Pol\u00edtica de privacidad sobre AppliediT. Si tiene alguna pregunta o desea ponerse en contacto con nosotros, utilice contact@applieditweb.com.","robots":{"index":"index","follow":"follow","max-snippet":"max-snippet:-1","max-image-preview":"max-image-preview:large","max-video-preview":"max-video-preview:-1"},"canonical":"https:\/\/applieditweb.com\/es\/politica-de-privacidad\/","og_locale":"es_ES","og_type":"article","og_title":"Pol\u00edtica de Privacidad - AppliediT","og_description":"Pol\u00edtica de privacidad sobre AppliediT. Si tiene alguna pregunta o desea ponerse en contacto con nosotros, utilice contact@applieditweb.com.","og_url":"https:\/\/applieditweb.com\/es\/politica-de-privacidad\/","og_site_name":"AppliediT","article_modified_time":"2024-05-16T09:13:41+00:00","og_image":[{"url":"https:\/\/applieditweb.com\/wp-content\/uploads\/2023\/02\/OG-Facebook-Twitter-1024x576.png","type":"","width":"","height":""}],"twitter_card":"summary_large_image","twitter_image":"https:\/\/applieditweb.com\/wp-content\/uploads\/2023\/02\/OG-Facebook-Twitter-1024x576.png","twitter_site":"@AppliediT_es","twitter_misc":{"Tiempo de lectura":"4 minutos"},"schema":{"@context":"https:\/\/schema.org","@graph":[{"@type":"WebPage","@id":"https:\/\/applieditweb.com\/es\/politica-de-privacidad\/","url":"https:\/\/applieditweb.com\/es\/politica-de-privacidad\/","name":"Pol\u00edtica de Privacidad - AppliediT","isPartOf":{"@id":"https:\/\/applieditweb.com\/es\/#website"},"datePublished":"2022-10-14T17:19:09+00:00","dateModified":"2024-05-16T09:13:41+00:00","description":"Pol\u00edtica de privacidad sobre AppliediT. Si tiene alguna pregunta o desea ponerse en contacto con nosotros, utilice contact@applieditweb.com.","breadcrumb":{"@id":"https:\/\/applieditweb.com\/es\/politica-de-privacidad\/#breadcrumb"},"inLanguage":"es","potentialAction":[{"@type":"ReadAction","target":["https:\/\/applieditweb.com\/es\/politica-de-privacidad\/"]}]},{"@type":"BreadcrumbList","@id":"https:\/\/applieditweb.com\/es\/politica-de-privacidad\/#breadcrumb","itemListElement":[{"@type":"ListItem","position":1,"name":"Home","item":"https:\/\/applieditweb.com\/es\/"},{"@type":"ListItem","position":2,"name":"Pol\u00edtica de Privacidad"}]},{"@type":"WebSite","@id":"https:\/\/applieditweb.com\/es\/#website","url":"https:\/\/applieditweb.com\/es\/","name":"appplieditweb.com","description":"Capitalizing on Data","publisher":{"@id":"https:\/\/applieditweb.com\/es\/#organization"},"potentialAction":[{"@type":"SearchAction","target":{"@type":"EntryPoint","urlTemplate":"https:\/\/applieditweb.com\/es\/?s={search_term_string}"},"query-input":{"@type":"PropertyValueSpecification","valueRequired":true,"valueName":"search_term_string"}}],"inLanguage":"es"},{"@type":"Organization","@id":"https:\/\/applieditweb.com\/es\/#organization","name":"appplieditweb.com","url":"https:\/\/applieditweb.com\/es\/","logo":{"@type":"ImageObject","inLanguage":"es","@id":"https:\/\/applieditweb.com\/es\/#\/schema\/logo\/image\/","url":"https:\/\/applieditweb.com\/wp-content\/uploads\/2022\/12\/appliedit-footer.webp","contentUrl":"https:\/\/applieditweb.com\/wp-content\/uploads\/2022\/12\/appliedit-footer.webp","width":206,"height":60,"caption":"appplieditweb.com"},"image":{"@id":"https:\/\/applieditweb.com\/es\/#\/schema\/logo\/image\/"},"sameAs":["https:\/\/x.com\/AppliediT_es","https:\/\/www.youtube.com\/@AppliediT","https:\/\/www.instagram.com\/appliedit_es\/"]}]}},"_links":{"self":[{"href":"https:\/\/applieditweb.com\/es\/wp-json\/wp\/v2\/pages\/23517","targetHints":{"allow":["GET"]}}],"collection":[{"href":"https:\/\/applieditweb.com\/es\/wp-json\/wp\/v2\/pages"}],"about":[{"href":"https:\/\/applieditweb.com\/es\/wp-json\/wp\/v2\/types\/page"}],"author":[{"embeddable":true,"href":"https:\/\/applieditweb.com\/es\/wp-json\/wp\/v2\/users\/23"}],"replies":[{"embeddable":true,"href":"https:\/\/applieditweb.com\/es\/wp-json\/wp\/v2\/comments?post=23517"}],"version-history":[{"count":6,"href":"https:\/\/applieditweb.com\/es\/wp-json\/wp\/v2\/pages\/23517\/revisions"}],"predecessor-version":[{"id":31427,"href":"https:\/\/applieditweb.com\/es\/wp-json\/wp\/v2\/pages\/23517\/revisions\/31427"}],"wp:attachment":[{"href":"https:\/\/applieditweb.com\/es\/wp-json\/wp\/v2\/media?parent=23517"}],"curies":[{"name":"wp","href":"https:\/\/api.w.org\/{rel}","templated":true}]}}