{"id":23509,"date":"2022-12-27T22:29:16","date_gmt":"2022-12-27T20:29:16","guid":{"rendered":"https:\/\/applieditweb.com\/legal-advice\/"},"modified":"2024-10-18T14:17:53","modified_gmt":"2024-10-18T12:17:53","slug":"aviso-legal","status":"publish","type":"page","link":"https:\/\/applieditweb.com\/es\/aviso-legal\/","title":{"rendered":"Aviso legal"},"content":{"rendered":"<p><div class=\"fusion-fullwidth fullwidth-box fusion-builder-row-1 fusion-flex-container nonhundred-percent-fullwidth non-hundred-percent-height-scrolling\" style=\"--awb-border-radius-top-left:0px;--awb-border-radius-top-right:0px;--awb-border-radius-bottom-right:0px;--awb-border-radius-bottom-left:0px;--awb-flex-wrap:wrap;\" ><div class=\"fusion-builder-row fusion-row fusion-flex-align-items-flex-start fusion-flex-content-wrap\" style=\"max-width:1179.36px;margin-left: calc(-4% \/ 2 );margin-right: calc(-4% \/ 2 );\"><div class=\"fusion-layout-column fusion_builder_column fusion-builder-column-0 fusion_builder_column_1_1 1_1 fusion-flex-column\" style=\"--awb-bg-size:cover;--awb-width-large:100%;--awb-margin-top-large:0px;--awb-spacing-right-large:1.92%;--awb-margin-bottom-large:20px;--awb-spacing-left-large:1.92%;--awb-width-medium:100%;--awb-order-medium:0;--awb-spacing-right-medium:1.92%;--awb-spacing-left-medium:1.92%;--awb-width-small:100%;--awb-order-small:0;--awb-spacing-right-small:1.92%;--awb-spacing-left-small:1.92%;\"><div class=\"fusion-column-wrapper fusion-column-has-shadow fusion-flex-justify-content-flex-start fusion-content-layout-column\"><div class=\"fusion-text fusion-text-1\"><h5 class=\"legal\">LEGAL<\/h5>\n<h1 class=\"privacy\">Aviso Legal<\/h1>\n<\/div><\/div><\/div><\/div><\/div><div class=\"fusion-fullwidth fullwidth-box fusion-builder-row-2 fusion-flex-container has-pattern-background has-mask-background nonhundred-percent-fullwidth non-hundred-percent-height-scrolling\" style=\"--awb-border-radius-top-left:0px;--awb-border-radius-top-right:0px;--awb-border-radius-bottom-right:0px;--awb-border-radius-bottom-left:0px;--awb-padding-right:91px;--awb-padding-left:91px;--awb-padding-right-small:10px;--awb-padding-left-small:10px;--awb-flex-wrap:wrap;\" ><div class=\"fusion-builder-row fusion-row fusion-flex-align-items-flex-start fusion-flex-content-wrap\" style=\"max-width:1179.36px;margin-left: calc(-4% \/ 2 );margin-right: calc(-4% \/ 2 );\"><div class=\"fusion-layout-column fusion_builder_column fusion-builder-column-1 fusion_builder_column_1_1 1_1 fusion-flex-column\" style=\"--awb-bg-blend:overlay;--awb-bg-size:cover;--awb-width-large:100%;--awb-margin-top-large:0px;--awb-spacing-right-large:1.92%;--awb-margin-bottom-large:0px;--awb-spacing-left-large:1.92%;--awb-width-medium:100%;--awb-spacing-right-medium:1.92%;--awb-spacing-left-medium:1.92%;--awb-width-small:100%;--awb-spacing-right-small:1.92%;--awb-spacing-left-small:1.92%;\"><div class=\"fusion-column-wrapper fusion-flex-justify-content-flex-start fusion-content-layout-column\"><div class=\"fusion-text fusion-text-2\"><h3 class=\"fusion-responsive-typography-calculated\" style=\"--fontsize: 40; line-height: 1.26;\" data-fontsize=\"40\" data-lineheight=\"50.4px\">Aviso Legal <span style=\"color: #ec6064;\">y Pol\u00edtica de Privacidad<\/span><\/h3>\n<p>En cumplimiento del art\u00edculo 10 de la Ley 34\/2002, de 11 de julio, de servicios de la Sociedad de la Informaci\u00f3n y de Comercio Electr\u00f3nico (LSSICE), a continuaci\u00f3n, se exponen los datos identificativos de la empresa.<\/p>\n<h3>Nombre fiscal<\/h3>\n<p>AppliediT<\/p>\n<h3>N\u00daMERO DE IDENTIFICACI\u00d3N <span style=\"color: #ec6064;\">FISCAL<\/span><\/h3>\n<p>B72287279<\/p>\n<h3>Oficina <span style=\"color: #ec6064;\">de registro:<\/span><\/h3>\n<p>Pol. Ind. Las Salinas de Poniente<br \/>\nAv. Ingeniero F\u00e9lix Sancho, 3 \u2013 Planta 1 Oficina 3<br \/>\n11500 \u2013 El Puerto de Santa Mar\u00eda, C\u00e1diz<\/p>\n<p>Correo electr\u00f3nico:<\/p>\n<p>contact@applieditweb.com<\/p>\n<h3>N\u00famero de <span style=\"color: #ec6064;\">tel\u00e9fono<\/span><\/h3>\n<p>+34 856 00 39 83<\/p>\n<h3>Informaci\u00f3n <span style=\"color: #ec6064;\">de registro<\/span><\/h3>\n<p>AppliediT, Sociedad Limitada constituida en 2015, por el Notario P\u00fablico Antonio Manuel Torres Dom\u00ednguez, del Ilustre Colegio de Andaluc\u00eda.<\/p>\n<p>Inscrita en el Registro Mercantil de C\u00e1diz en el tomo 2.158 folio 212, y hoja 212, inscripci\u00f3n 1a.<\/p>\n<p>Este sitio web ha sido creado por la empresa AppliediT para informaci\u00f3n y uso personal de los usuarios. Mediante el presente Aviso Legal, se pretende regular el acceso y uso de este sitio web, as\u00ed como la relaci\u00f3n entre el sitio web y sus Usuarios. Al acceder a este sitio web, se aceptan los siguientes t\u00e9rminos y condiciones: El acceso a este sitio web es responsabilidad exclusiva de los usuarios.<\/p>\n<p>El simple acceso a este sitio web no supone entablar ning\u00fan tipo de relaci\u00f3n de car\u00e1cter comercial entre AppliediT y el usuario.<\/p>\n<p>El acceso y navegaci\u00f3n en este sitio web supone aceptar y conocer las advertencias legales, condiciones y t\u00e9rminos de uso contenidos en el mismo.<\/p>\n<p>El titular del sitio web podr\u00e1 ofrecer servicios o productos que podr\u00e1n estar sometidos a condiciones particulares que sustituyan, completen y\/o modifiquen las presentes condiciones, y sobre las que se informar\u00e1 al usuario en cada caso concreto.<\/p>\n<p><span style=\"color: #ffffff;\"><a style=\"color: #ffffff;\" href=\"https:\/\/applieditweb.com\/es\/politica-de-privacidad\/\" target=\"_blank\" rel=\"noopener\">Consulte nuestra Pol\u00edtica de privacidad.<\/a><\/span><\/p>\n<\/div><\/div><\/div><\/div><\/div><\/p>\n","protected":false},"excerpt":{"rendered":"","protected":false},"author":23,"featured_media":0,"parent":0,"menu_order":0,"comment_status":"closed","ping_status":"closed","template":"","meta":{"_acf_changed":false,"footnotes":""},"class_list":["post-23509","page","type-page","status-publish","hentry"],"acf":[],"yoast_head":"<!-- This site is optimized with the Yoast SEO plugin v26.1 - https:\/\/yoast.com\/wordpress\/plugins\/seo\/ -->\n<title>Aviso legal - AppliediT<\/title>\n<meta name=\"description\" content=\"Aviso Legal y Pol\u00edtica de Privacidad de AppliediT. Identificaci\u00f3n fiscal, n\u00famero de tel\u00e9fono, denominaci\u00f3n fiscal e informaci\u00f3n de registro.\" \/>\n<meta name=\"robots\" content=\"index, follow, max-snippet:-1, max-image-preview:large, max-video-preview:-1\" \/>\n<link rel=\"canonical\" href=\"https:\/\/applieditweb.com\/es\/aviso-legal\/\" \/>\n<meta property=\"og:locale\" content=\"es_ES\" \/>\n<meta property=\"og:type\" content=\"article\" \/>\n<meta property=\"og:title\" content=\"Aviso legal\" \/>\n<meta property=\"og:description\" content=\"Aviso Legal y Pol\u00edtica de Privacidad de AppliediT. Identificaci\u00f3n fiscal, n\u00famero de tel\u00e9fono, denominaci\u00f3n fiscal e informaci\u00f3n de registro.\" \/>\n<meta property=\"og:url\" content=\"https:\/\/applieditweb.com\/es\/aviso-legal\/\" \/>\n<meta property=\"og:site_name\" content=\"AppliediT\" \/>\n<meta property=\"article:modified_time\" content=\"2024-10-18T12:17:53+00:00\" \/>\n<meta property=\"og:image\" content=\"https:\/\/applieditweb.com\/wp-content\/uploads\/2024\/01\/OG-Facebook-Twitter-ES.png\" \/>\n\t<meta property=\"og:image:width\" content=\"1920\" \/>\n\t<meta property=\"og:image:height\" content=\"1080\" \/>\n\t<meta property=\"og:image:type\" content=\"image\/png\" \/>\n<meta name=\"twitter:card\" content=\"summary_large_image\" \/>\n<meta name=\"twitter:title\" content=\"Aviso legal\" \/>\n<meta name=\"twitter:description\" content=\"Aviso Legal y Pol\u00edtica de Privacidad de AppliediT. Identificaci\u00f3n fiscal, n\u00famero de tel\u00e9fono, denominaci\u00f3n fiscal e informaci\u00f3n de registro.\" \/>\n<meta name=\"twitter:image\" content=\"https:\/\/applieditweb.com\/wp-content\/uploads\/2024\/01\/OG-Facebook-Twitter-ES.png\" \/>\n<meta name=\"twitter:site\" content=\"@AppliediT_es\" \/>\n<meta name=\"twitter:label1\" content=\"Tiempo de lectura\" \/>\n\t<meta name=\"twitter:data1\" content=\"2 minutos\" \/>\n<script type=\"application\/ld+json\" class=\"yoast-schema-graph\">{\"@context\":\"https:\/\/schema.org\",\"@graph\":[{\"@type\":\"WebPage\",\"@id\":\"https:\/\/applieditweb.com\/es\/aviso-legal\/\",\"url\":\"https:\/\/applieditweb.com\/es\/aviso-legal\/\",\"name\":\"Aviso legal - AppliediT\",\"isPartOf\":{\"@id\":\"https:\/\/applieditweb.com\/es\/#website\"},\"datePublished\":\"2022-12-27T20:29:16+00:00\",\"dateModified\":\"2024-10-18T12:17:53+00:00\",\"description\":\"Aviso Legal y Pol\u00edtica de Privacidad de AppliediT. Identificaci\u00f3n fiscal, n\u00famero de tel\u00e9fono, denominaci\u00f3n fiscal e informaci\u00f3n de registro.\",\"breadcrumb\":{\"@id\":\"https:\/\/applieditweb.com\/es\/aviso-legal\/#breadcrumb\"},\"inLanguage\":\"es\",\"potentialAction\":[{\"@type\":\"ReadAction\",\"target\":[\"https:\/\/applieditweb.com\/es\/aviso-legal\/\"]}]},{\"@type\":\"BreadcrumbList\",\"@id\":\"https:\/\/applieditweb.com\/es\/aviso-legal\/#breadcrumb\",\"itemListElement\":[{\"@type\":\"ListItem\",\"position\":1,\"name\":\"Home\",\"item\":\"https:\/\/applieditweb.com\/es\/\"},{\"@type\":\"ListItem\",\"position\":2,\"name\":\"Aviso legal\"}]},{\"@type\":\"WebSite\",\"@id\":\"https:\/\/applieditweb.com\/es\/#website\",\"url\":\"https:\/\/applieditweb.com\/es\/\",\"name\":\"appplieditweb.com\",\"description\":\"Capitalizing on Data\",\"publisher\":{\"@id\":\"https:\/\/applieditweb.com\/es\/#organization\"},\"potentialAction\":[{\"@type\":\"SearchAction\",\"target\":{\"@type\":\"EntryPoint\",\"urlTemplate\":\"https:\/\/applieditweb.com\/es\/?s={search_term_string}\"},\"query-input\":{\"@type\":\"PropertyValueSpecification\",\"valueRequired\":true,\"valueName\":\"search_term_string\"}}],\"inLanguage\":\"es\"},{\"@type\":\"Organization\",\"@id\":\"https:\/\/applieditweb.com\/es\/#organization\",\"name\":\"appplieditweb.com\",\"url\":\"https:\/\/applieditweb.com\/es\/\",\"logo\":{\"@type\":\"ImageObject\",\"inLanguage\":\"es\",\"@id\":\"https:\/\/applieditweb.com\/es\/#\/schema\/logo\/image\/\",\"url\":\"https:\/\/applieditweb.com\/wp-content\/uploads\/2022\/12\/appliedit-footer.webp\",\"contentUrl\":\"https:\/\/applieditweb.com\/wp-content\/uploads\/2022\/12\/appliedit-footer.webp\",\"width\":206,\"height\":60,\"caption\":\"appplieditweb.com\"},\"image\":{\"@id\":\"https:\/\/applieditweb.com\/es\/#\/schema\/logo\/image\/\"},\"sameAs\":[\"https:\/\/x.com\/AppliediT_es\",\"https:\/\/www.youtube.com\/@AppliediT\",\"https:\/\/www.instagram.com\/appliedit_es\/\"]}]}<\/script>\n<!-- \/ Yoast SEO plugin. -->","yoast_head_json":{"title":"Aviso legal - AppliediT","description":"Aviso Legal y Pol\u00edtica de Privacidad de AppliediT. Identificaci\u00f3n fiscal, n\u00famero de tel\u00e9fono, denominaci\u00f3n fiscal e informaci\u00f3n de registro.","robots":{"index":"index","follow":"follow","max-snippet":"max-snippet:-1","max-image-preview":"max-image-preview:large","max-video-preview":"max-video-preview:-1"},"canonical":"https:\/\/applieditweb.com\/es\/aviso-legal\/","og_locale":"es_ES","og_type":"article","og_title":"Aviso legal","og_description":"Aviso Legal y Pol\u00edtica de Privacidad de AppliediT. Identificaci\u00f3n fiscal, n\u00famero de tel\u00e9fono, denominaci\u00f3n fiscal e informaci\u00f3n de registro.","og_url":"https:\/\/applieditweb.com\/es\/aviso-legal\/","og_site_name":"AppliediT","article_modified_time":"2024-10-18T12:17:53+00:00","og_image":[{"width":1920,"height":1080,"url":"https:\/\/applieditweb.com\/wp-content\/uploads\/2024\/01\/OG-Facebook-Twitter-ES.png","type":"image\/png"}],"twitter_card":"summary_large_image","twitter_title":"Aviso legal","twitter_description":"Aviso Legal y Pol\u00edtica de Privacidad de AppliediT. Identificaci\u00f3n fiscal, n\u00famero de tel\u00e9fono, denominaci\u00f3n fiscal e informaci\u00f3n de registro.","twitter_image":"https:\/\/applieditweb.com\/wp-content\/uploads\/2024\/01\/OG-Facebook-Twitter-ES.png","twitter_site":"@AppliediT_es","twitter_misc":{"Tiempo de lectura":"2 minutos"},"schema":{"@context":"https:\/\/schema.org","@graph":[{"@type":"WebPage","@id":"https:\/\/applieditweb.com\/es\/aviso-legal\/","url":"https:\/\/applieditweb.com\/es\/aviso-legal\/","name":"Aviso legal - AppliediT","isPartOf":{"@id":"https:\/\/applieditweb.com\/es\/#website"},"datePublished":"2022-12-27T20:29:16+00:00","dateModified":"2024-10-18T12:17:53+00:00","description":"Aviso Legal y Pol\u00edtica de Privacidad de AppliediT. Identificaci\u00f3n fiscal, n\u00famero de tel\u00e9fono, denominaci\u00f3n fiscal e informaci\u00f3n de registro.","breadcrumb":{"@id":"https:\/\/applieditweb.com\/es\/aviso-legal\/#breadcrumb"},"inLanguage":"es","potentialAction":[{"@type":"ReadAction","target":["https:\/\/applieditweb.com\/es\/aviso-legal\/"]}]},{"@type":"BreadcrumbList","@id":"https:\/\/applieditweb.com\/es\/aviso-legal\/#breadcrumb","itemListElement":[{"@type":"ListItem","position":1,"name":"Home","item":"https:\/\/applieditweb.com\/es\/"},{"@type":"ListItem","position":2,"name":"Aviso legal"}]},{"@type":"WebSite","@id":"https:\/\/applieditweb.com\/es\/#website","url":"https:\/\/applieditweb.com\/es\/","name":"appplieditweb.com","description":"Capitalizing on Data","publisher":{"@id":"https:\/\/applieditweb.com\/es\/#organization"},"potentialAction":[{"@type":"SearchAction","target":{"@type":"EntryPoint","urlTemplate":"https:\/\/applieditweb.com\/es\/?s={search_term_string}"},"query-input":{"@type":"PropertyValueSpecification","valueRequired":true,"valueName":"search_term_string"}}],"inLanguage":"es"},{"@type":"Organization","@id":"https:\/\/applieditweb.com\/es\/#organization","name":"appplieditweb.com","url":"https:\/\/applieditweb.com\/es\/","logo":{"@type":"ImageObject","inLanguage":"es","@id":"https:\/\/applieditweb.com\/es\/#\/schema\/logo\/image\/","url":"https:\/\/applieditweb.com\/wp-content\/uploads\/2022\/12\/appliedit-footer.webp","contentUrl":"https:\/\/applieditweb.com\/wp-content\/uploads\/2022\/12\/appliedit-footer.webp","width":206,"height":60,"caption":"appplieditweb.com"},"image":{"@id":"https:\/\/applieditweb.com\/es\/#\/schema\/logo\/image\/"},"sameAs":["https:\/\/x.com\/AppliediT_es","https:\/\/www.youtube.com\/@AppliediT","https:\/\/www.instagram.com\/appliedit_es\/"]}]}},"_links":{"self":[{"href":"https:\/\/applieditweb.com\/es\/wp-json\/wp\/v2\/pages\/23509","targetHints":{"allow":["GET"]}}],"collection":[{"href":"https:\/\/applieditweb.com\/es\/wp-json\/wp\/v2\/pages"}],"about":[{"href":"https:\/\/applieditweb.com\/es\/wp-json\/wp\/v2\/types\/page"}],"author":[{"embeddable":true,"href":"https:\/\/applieditweb.com\/es\/wp-json\/wp\/v2\/users\/23"}],"replies":[{"embeddable":true,"href":"https:\/\/applieditweb.com\/es\/wp-json\/wp\/v2\/comments?post=23509"}],"version-history":[{"count":9,"href":"https:\/\/applieditweb.com\/es\/wp-json\/wp\/v2\/pages\/23509\/revisions"}],"predecessor-version":[{"id":33526,"href":"https:\/\/applieditweb.com\/es\/wp-json\/wp\/v2\/pages\/23509\/revisions\/33526"}],"wp:attachment":[{"href":"https:\/\/applieditweb.com\/es\/wp-json\/wp\/v2\/media?parent=23509"}],"curies":[{"name":"wp","href":"https:\/\/api.w.org\/{rel}","templated":true}]}}