{"id":24455,"date":"2022-12-28T10:22:57","date_gmt":"2022-12-28T08:22:57","guid":{"rendered":"https:\/\/applieditweb.com\/quality-policy\/"},"modified":"2025-11-12T10:17:13","modified_gmt":"2025-11-12T08:17:13","slug":"qualitaetspolitik","status":"publish","type":"page","link":"https:\/\/applieditweb.com\/de\/qualitaetspolitik\/","title":{"rendered":"Qualit\u00e4tspolitik"},"content":{"rendered":"<p><div class=\"fusion-fullwidth fullwidth-box fusion-builder-row-1 fusion-flex-container nonhundred-percent-fullwidth non-hundred-percent-height-scrolling\" style=\"--awb-border-radius-top-left:0px;--awb-border-radius-top-right:0px;--awb-border-radius-bottom-right:0px;--awb-border-radius-bottom-left:0px;--awb-flex-wrap:wrap;\" ><div class=\"fusion-builder-row fusion-row fusion-flex-align-items-flex-start fusion-flex-content-wrap\" style=\"max-width:1179.36px;margin-left: calc(-4% \/ 2 );margin-right: calc(-4% \/ 2 );\"><div class=\"fusion-layout-column fusion_builder_column fusion-builder-column-0 fusion_builder_column_1_1 1_1 fusion-flex-column\" style=\"--awb-bg-size:cover;--awb-width-large:100%;--awb-margin-top-large:0px;--awb-spacing-right-large:1.92%;--awb-margin-bottom-large:20px;--awb-spacing-left-large:1.92%;--awb-width-medium:100%;--awb-order-medium:0;--awb-spacing-right-medium:1.92%;--awb-spacing-left-medium:1.92%;--awb-width-small:100%;--awb-order-small:0;--awb-spacing-right-small:1.92%;--awb-spacing-left-small:1.92%;\"><div class=\"fusion-column-wrapper fusion-column-has-shadow fusion-flex-justify-content-flex-start fusion-content-layout-column\"><div class=\"fusion-text fusion-text-1\"><h5 class=\"legal\">RECHTLICH<\/h5>\n<h1 class=\"privacy\">Qualit\u00e4tspolitik<\/h1>\n<\/div><\/div><\/div><\/div><\/div><div class=\"fusion-fullwidth fullwidth-box fusion-builder-row-2 fusion-flex-container has-pattern-background has-mask-background nonhundred-percent-fullwidth non-hundred-percent-height-scrolling\" style=\"--awb-border-radius-top-left:0px;--awb-border-radius-top-right:0px;--awb-border-radius-bottom-right:0px;--awb-border-radius-bottom-left:0px;--awb-padding-right:91px;--awb-padding-left:91px;--awb-padding-right-small:10px;--awb-padding-left-small:10px;--awb-flex-wrap:wrap;\" ><div class=\"fusion-builder-row fusion-row fusion-flex-align-items-flex-start fusion-flex-content-wrap\" style=\"max-width:1179.36px;margin-left: calc(-4% \/ 2 );margin-right: calc(-4% \/ 2 );\"><div class=\"fusion-layout-column fusion_builder_column fusion-builder-column-1 fusion_builder_column_1_1 1_1 fusion-flex-column\" style=\"--awb-bg-blend:overlay;--awb-bg-size:cover;--awb-width-large:100%;--awb-margin-top-large:0px;--awb-spacing-right-large:1.92%;--awb-margin-bottom-large:0px;--awb-spacing-left-large:1.92%;--awb-width-medium:100%;--awb-spacing-right-medium:1.92%;--awb-spacing-left-medium:1.92%;--awb-width-small:100%;--awb-spacing-right-small:1.92%;--awb-spacing-left-small:1.92%;\"><div class=\"fusion-column-wrapper fusion-flex-justify-content-flex-start fusion-content-layout-column\"><div class=\"fusion-text fusion-text-2\"><p>AppliediT hat sich zum Ziel gesetzt, f\u00fchrend im Datenmanagement und in der Analyse von industriellen Prozessen, direkt und indirekt, durch fortschrittliche Analysetools zu sein, die von uns auf der Grundlage der Bed\u00fcrfnisse unserer Kunden entwickelt wurden.<\/p>\n<p><span class=\"\">Wir arbeiten st\u00e4ndig an der kontinuierlichen Verbesserung unserer L\u00f6sungen, mit dem Ziel, unseren Kunden qualitativ hochwertige Produkte und Dienstleistungen zu bieten und ihren Erwartungen ein hohes Ma\u00df an Erf\u00fcllung zu bieten.<\/span>Das Ziel von AppliediT ist es, unsere Kunden zu binden, indem wir durch innovative, effiziente und qualitativ hochwertige L\u00f6sungen einen Mehrwert schaffen.<\/p>\n<p>Dieses Ziel wird durch unser Qualit\u00e4tsmanagementsystem gem\u00e4\u00df ISO 9001:2015 entwickelt, das Folgendes verfolgt:<\/p>\n<ul>\n<li><span class=\"\">Pflegen Sie angemessene Kommunikationskan\u00e4le mit Kunden, um ihre aktuellen und zuk\u00fcnftigen Bed\u00fcrfnisse zu erkennen und so die Kundenzufriedenheit zu erreichen.<\/span><\/li>\n<li>Entwicklung unserer Aktivit\u00e4ten im Rahmen der geltenden Vorschriften, in \u00dcbereinstimmung mit der geltenden Gesetzgebung sowie anderen Anforderungen, die mit unseren Kunden unterzeichnet wurden.<\/li>\n<li>Erf\u00fcllen Sie die Anforderungen und verbessern Sie kontinuierlich die Wirksamkeit des Qualit\u00e4tsmanagementsystems durch die Implementierung von Mess- und \u00dcberwachungssystemen f\u00fcr die L\u00f6sungen und Entwicklungen, die f\u00fcr unsere Kunden entwickelt wurden, sowie durch Qualit\u00e4tsziele.<\/li>\n<li>Wir f\u00fchren unsere Arbeit mit dem Ziel durch, die gesetzten Ziele zu erreichen, und versuchen immer, sie an die mit dem Kunden vereinbarten Anforderungen anzupassen.<\/li>\n<li>Analysieren Sie Risiken und Chancen im Kontext der Organisation.<\/li>\n<\/ul>\n<p>Diese Politik wird von der Gesch\u00e4ftsleitung von AppliediT gef\u00f6rdert, die sich verpflichtet hat, die notwendigen Mittel und Ressourcen bereitzustellen, um sie umzusetzen und aufrechtzuerhalten.<\/p>\n<p>Die Vision von AppliediT wird anhand der folgenden Werte umgesetzt:<\/p>\n<ul>\n<li>Innovation und Flexibilit\u00e4t, die sich an die st\u00e4ndigen Anforderungen des Marktes anpassen.<\/li>\n<li>Vielfalt und Inklusion, F\u00f6rderung des Respekts f\u00fcr die Mitarbeiter und durch pers\u00f6nliches und berufliches Wachstum.<\/li>\n<li>Corporate Social Responsibility, F\u00f6rderung von Initiativen, die einen positiven Beitrag zum Leben der Gemeinschaft leisten.<\/li>\n<li>Transparenz und Ehrlichkeit gegen\u00fcber Kunden, Lieferanten und Wettbewerbern.<\/li>\n<li>Streben Sie nach h\u00f6chster Qualit\u00e4t als Ziel durch kontinuierliche Verbesserung.<\/li>\n<\/ul>\n<p>Diese Politik wurde urspr\u00fcnglich von Ignacio Qui\u00f1onero Ferrer am 12. September 2019 genehmigt und zuletzt ge\u00e4ndert am 30. Oktober 2025.<\/p>\n<\/div><\/div><\/div><\/div><\/div><\/p>\n","protected":false},"excerpt":{"rendered":"","protected":false},"author":23,"featured_media":0,"parent":0,"menu_order":0,"comment_status":"closed","ping_status":"closed","template":"","meta":{"_acf_changed":false,"footnotes":""},"class_list":["post-24455","page","type-page","status-publish","hentry"],"acf":[],"yoast_head":"<!-- This site is optimized with the Yoast SEO plugin v26.1 - https:\/\/yoast.com\/wordpress\/plugins\/seo\/ -->\n<title>Qualit\u00e4tspolitik - AppliediT<\/title>\n<meta name=\"description\" content=\"Qualit\u00e4tspolitik von AppliediT. AppliediT hat sich zum Ziel gesetzt, durch fortschrittliche Analysewerkzeuge f\u00fchrend in der Datenverwaltung und Analyse von Industrieprozessen zu sein.\" \/>\n<meta name=\"robots\" content=\"index, follow, max-snippet:-1, max-image-preview:large, max-video-preview:-1\" \/>\n<link rel=\"canonical\" href=\"https:\/\/applieditweb.com\/de\/qualitaetspolitik\/\" \/>\n<meta property=\"og:locale\" content=\"de_DE\" \/>\n<meta property=\"og:type\" content=\"article\" \/>\n<meta property=\"og:title\" content=\"Qualit\u00e4tspolitik - AppliediT\" \/>\n<meta property=\"og:description\" content=\"Qualit\u00e4tspolitik von AppliediT. AppliediT hat sich zum Ziel gesetzt, durch fortschrittliche Analysewerkzeuge f\u00fchrend in der Datenverwaltung und Analyse von Industrieprozessen zu sein.\" \/>\n<meta property=\"og:url\" content=\"https:\/\/applieditweb.com\/de\/qualitaetspolitik\/\" \/>\n<meta property=\"og:site_name\" content=\"AppliediT\" \/>\n<meta property=\"article:modified_time\" content=\"2025-11-12T08:17:13+00:00\" \/>\n<meta property=\"og:image\" content=\"https:\/\/applieditweb.com\/wp-content\/uploads\/2023\/02\/OG-Facebook-Twitter.png\" \/>\n\t<meta property=\"og:image:width\" content=\"2401\" \/>\n\t<meta property=\"og:image:height\" content=\"1350\" \/>\n\t<meta property=\"og:image:type\" content=\"image\/png\" \/>\n<meta name=\"twitter:card\" content=\"summary_large_image\" \/>\n<meta name=\"twitter:image\" content=\"https:\/\/applieditweb.com\/wp-content\/uploads\/2023\/02\/OG-Facebook-Twitter.png\" \/>\n<meta name=\"twitter:site\" content=\"@AppliediT_es\" \/>\n<meta name=\"twitter:label1\" content=\"Gesch\u00e4tzte Lesezeit\" \/>\n\t<meta name=\"twitter:data1\" content=\"2\u00a0Minuten\" \/>\n<script type=\"application\/ld+json\" class=\"yoast-schema-graph\">{\"@context\":\"https:\/\/schema.org\",\"@graph\":[{\"@type\":\"WebPage\",\"@id\":\"https:\/\/applieditweb.com\/de\/qualitaetspolitik\/\",\"url\":\"https:\/\/applieditweb.com\/de\/qualitaetspolitik\/\",\"name\":\"Qualit\u00e4tspolitik - AppliediT\",\"isPartOf\":{\"@id\":\"https:\/\/applieditweb.com\/de\/#website\"},\"datePublished\":\"2022-12-28T08:22:57+00:00\",\"dateModified\":\"2025-11-12T08:17:13+00:00\",\"description\":\"Qualit\u00e4tspolitik von AppliediT. AppliediT hat sich zum Ziel gesetzt, durch fortschrittliche Analysewerkzeuge f\u00fchrend in der Datenverwaltung und Analyse von Industrieprozessen zu sein.\",\"breadcrumb\":{\"@id\":\"https:\/\/applieditweb.com\/de\/qualitaetspolitik\/#breadcrumb\"},\"inLanguage\":\"de\",\"potentialAction\":[{\"@type\":\"ReadAction\",\"target\":[\"https:\/\/applieditweb.com\/de\/qualitaetspolitik\/\"]}]},{\"@type\":\"BreadcrumbList\",\"@id\":\"https:\/\/applieditweb.com\/de\/qualitaetspolitik\/#breadcrumb\",\"itemListElement\":[{\"@type\":\"ListItem\",\"position\":1,\"name\":\"Home\",\"item\":\"https:\/\/applieditweb.com\/de\/\"},{\"@type\":\"ListItem\",\"position\":2,\"name\":\"Qualit\u00e4tspolitik\"}]},{\"@type\":\"WebSite\",\"@id\":\"https:\/\/applieditweb.com\/de\/#website\",\"url\":\"https:\/\/applieditweb.com\/de\/\",\"name\":\"appplieditweb.com\",\"description\":\"Capitalizing on Data\",\"publisher\":{\"@id\":\"https:\/\/applieditweb.com\/de\/#organization\"},\"potentialAction\":[{\"@type\":\"SearchAction\",\"target\":{\"@type\":\"EntryPoint\",\"urlTemplate\":\"https:\/\/applieditweb.com\/de\/?s={search_term_string}\"},\"query-input\":{\"@type\":\"PropertyValueSpecification\",\"valueRequired\":true,\"valueName\":\"search_term_string\"}}],\"inLanguage\":\"de\"},{\"@type\":\"Organization\",\"@id\":\"https:\/\/applieditweb.com\/de\/#organization\",\"name\":\"appplieditweb.com\",\"url\":\"https:\/\/applieditweb.com\/de\/\",\"logo\":{\"@type\":\"ImageObject\",\"inLanguage\":\"de\",\"@id\":\"https:\/\/applieditweb.com\/de\/#\/schema\/logo\/image\/\",\"url\":\"https:\/\/applieditweb.com\/wp-content\/uploads\/2022\/12\/appliedit-footer.webp\",\"contentUrl\":\"https:\/\/applieditweb.com\/wp-content\/uploads\/2022\/12\/appliedit-footer.webp\",\"width\":206,\"height\":60,\"caption\":\"appplieditweb.com\"},\"image\":{\"@id\":\"https:\/\/applieditweb.com\/de\/#\/schema\/logo\/image\/\"},\"sameAs\":[\"https:\/\/x.com\/AppliediT_es\",\"https:\/\/www.youtube.com\/@AppliediT\",\"https:\/\/www.instagram.com\/appliedit_es\/\"]}]}<\/script>\n<!-- \/ Yoast SEO plugin. -->","yoast_head_json":{"title":"Qualit\u00e4tspolitik - AppliediT","description":"Qualit\u00e4tspolitik von AppliediT. AppliediT hat sich zum Ziel gesetzt, durch fortschrittliche Analysewerkzeuge f\u00fchrend in der Datenverwaltung und Analyse von Industrieprozessen zu sein.","robots":{"index":"index","follow":"follow","max-snippet":"max-snippet:-1","max-image-preview":"max-image-preview:large","max-video-preview":"max-video-preview:-1"},"canonical":"https:\/\/applieditweb.com\/de\/qualitaetspolitik\/","og_locale":"de_DE","og_type":"article","og_title":"Qualit\u00e4tspolitik - AppliediT","og_description":"Qualit\u00e4tspolitik von AppliediT. AppliediT hat sich zum Ziel gesetzt, durch fortschrittliche Analysewerkzeuge f\u00fchrend in der Datenverwaltung und Analyse von Industrieprozessen zu sein.","og_url":"https:\/\/applieditweb.com\/de\/qualitaetspolitik\/","og_site_name":"AppliediT","article_modified_time":"2025-11-12T08:17:13+00:00","og_image":[{"width":2401,"height":1350,"url":"https:\/\/applieditweb.com\/wp-content\/uploads\/2023\/02\/OG-Facebook-Twitter.png","type":"image\/png"}],"twitter_card":"summary_large_image","twitter_image":"https:\/\/applieditweb.com\/wp-content\/uploads\/2023\/02\/OG-Facebook-Twitter.png","twitter_site":"@AppliediT_es","twitter_misc":{"Gesch\u00e4tzte Lesezeit":"2\u00a0Minuten"},"schema":{"@context":"https:\/\/schema.org","@graph":[{"@type":"WebPage","@id":"https:\/\/applieditweb.com\/de\/qualitaetspolitik\/","url":"https:\/\/applieditweb.com\/de\/qualitaetspolitik\/","name":"Qualit\u00e4tspolitik - AppliediT","isPartOf":{"@id":"https:\/\/applieditweb.com\/de\/#website"},"datePublished":"2022-12-28T08:22:57+00:00","dateModified":"2025-11-12T08:17:13+00:00","description":"Qualit\u00e4tspolitik von AppliediT. AppliediT hat sich zum Ziel gesetzt, durch fortschrittliche Analysewerkzeuge f\u00fchrend in der Datenverwaltung und Analyse von Industrieprozessen zu sein.","breadcrumb":{"@id":"https:\/\/applieditweb.com\/de\/qualitaetspolitik\/#breadcrumb"},"inLanguage":"de","potentialAction":[{"@type":"ReadAction","target":["https:\/\/applieditweb.com\/de\/qualitaetspolitik\/"]}]},{"@type":"BreadcrumbList","@id":"https:\/\/applieditweb.com\/de\/qualitaetspolitik\/#breadcrumb","itemListElement":[{"@type":"ListItem","position":1,"name":"Home","item":"https:\/\/applieditweb.com\/de\/"},{"@type":"ListItem","position":2,"name":"Qualit\u00e4tspolitik"}]},{"@type":"WebSite","@id":"https:\/\/applieditweb.com\/de\/#website","url":"https:\/\/applieditweb.com\/de\/","name":"appplieditweb.com","description":"Capitalizing on Data","publisher":{"@id":"https:\/\/applieditweb.com\/de\/#organization"},"potentialAction":[{"@type":"SearchAction","target":{"@type":"EntryPoint","urlTemplate":"https:\/\/applieditweb.com\/de\/?s={search_term_string}"},"query-input":{"@type":"PropertyValueSpecification","valueRequired":true,"valueName":"search_term_string"}}],"inLanguage":"de"},{"@type":"Organization","@id":"https:\/\/applieditweb.com\/de\/#organization","name":"appplieditweb.com","url":"https:\/\/applieditweb.com\/de\/","logo":{"@type":"ImageObject","inLanguage":"de","@id":"https:\/\/applieditweb.com\/de\/#\/schema\/logo\/image\/","url":"https:\/\/applieditweb.com\/wp-content\/uploads\/2022\/12\/appliedit-footer.webp","contentUrl":"https:\/\/applieditweb.com\/wp-content\/uploads\/2022\/12\/appliedit-footer.webp","width":206,"height":60,"caption":"appplieditweb.com"},"image":{"@id":"https:\/\/applieditweb.com\/de\/#\/schema\/logo\/image\/"},"sameAs":["https:\/\/x.com\/AppliediT_es","https:\/\/www.youtube.com\/@AppliediT","https:\/\/www.instagram.com\/appliedit_es\/"]}]}},"_links":{"self":[{"href":"https:\/\/applieditweb.com\/de\/wp-json\/wp\/v2\/pages\/24455","targetHints":{"allow":["GET"]}}],"collection":[{"href":"https:\/\/applieditweb.com\/de\/wp-json\/wp\/v2\/pages"}],"about":[{"href":"https:\/\/applieditweb.com\/de\/wp-json\/wp\/v2\/types\/page"}],"author":[{"embeddable":true,"href":"https:\/\/applieditweb.com\/de\/wp-json\/wp\/v2\/users\/23"}],"replies":[{"embeddable":true,"href":"https:\/\/applieditweb.com\/de\/wp-json\/wp\/v2\/comments?post=24455"}],"version-history":[{"count":10,"href":"https:\/\/applieditweb.com\/de\/wp-json\/wp\/v2\/pages\/24455\/revisions"}],"predecessor-version":[{"id":36501,"href":"https:\/\/applieditweb.com\/de\/wp-json\/wp\/v2\/pages\/24455\/revisions\/36501"}],"wp:attachment":[{"href":"https:\/\/applieditweb.com\/de\/wp-json\/wp\/v2\/media?parent=24455"}],"curies":[{"name":"wp","href":"https:\/\/api.w.org\/{rel}","templated":true}]}}