{"id":24452,"date":"2022-10-14T19:19:09","date_gmt":"2022-10-14T17:19:09","guid":{"rendered":"https:\/\/applieditweb.com\/privacy-policy\/"},"modified":"2024-05-16T11:13:19","modified_gmt":"2024-05-16T09:13:19","slug":"datenschutzrichtlinie","status":"publish","type":"page","link":"https:\/\/applieditweb.com\/de\/datenschutzrichtlinie\/","title":{"rendered":"Datenschutzrichtlinie"},"content":{"rendered":"<p><div class=\"fusion-fullwidth fullwidth-box fusion-builder-row-1 fusion-flex-container nonhundred-percent-fullwidth non-hundred-percent-height-scrolling\" style=\"--awb-border-radius-top-left:0px;--awb-border-radius-top-right:0px;--awb-border-radius-bottom-right:0px;--awb-border-radius-bottom-left:0px;--awb-flex-wrap:wrap;\" ><div class=\"fusion-builder-row fusion-row fusion-flex-align-items-flex-start fusion-flex-content-wrap\" style=\"max-width:1179.36px;margin-left: calc(-4% \/ 2 );margin-right: calc(-4% \/ 2 );\"><div class=\"fusion-layout-column fusion_builder_column fusion-builder-column-0 fusion_builder_column_1_1 1_1 fusion-flex-column\" style=\"--awb-bg-size:cover;--awb-width-large:100%;--awb-margin-top-large:0px;--awb-spacing-right-large:1.92%;--awb-margin-bottom-large:20px;--awb-spacing-left-large:1.92%;--awb-width-medium:100%;--awb-order-medium:0;--awb-spacing-right-medium:1.92%;--awb-spacing-left-medium:1.92%;--awb-width-small:100%;--awb-order-small:0;--awb-spacing-right-small:1.92%;--awb-spacing-left-small:1.92%;\"><div class=\"fusion-column-wrapper fusion-column-has-shadow fusion-flex-justify-content-flex-start fusion-content-layout-column\"><div class=\"fusion-text fusion-text-1\"><h5 class=\"legal\">RECHTLICH<\/h5>\n<h1 class=\"privacy\">Datenschutzrichtlinie<\/h1>\n<\/div><\/div><\/div><\/div><\/div><div class=\"fusion-fullwidth fullwidth-box fusion-builder-row-2 fusion-flex-container has-pattern-background has-mask-background nonhundred-percent-fullwidth non-hundred-percent-height-scrolling\" style=\"--awb-border-radius-top-left:0px;--awb-border-radius-top-right:0px;--awb-border-radius-bottom-right:0px;--awb-border-radius-bottom-left:0px;--awb-padding-right:91px;--awb-padding-left:91px;--awb-padding-right-small:10px;--awb-padding-left-small:10px;--awb-flex-wrap:wrap;\" ><div class=\"fusion-builder-row fusion-row fusion-flex-align-items-flex-start fusion-flex-content-wrap\" style=\"max-width:1179.36px;margin-left: calc(-4% \/ 2 );margin-right: calc(-4% \/ 2 );\"><div class=\"fusion-layout-column fusion_builder_column fusion-builder-column-1 fusion_builder_column_1_1 1_1 fusion-flex-column\" style=\"--awb-bg-blend:overlay;--awb-bg-size:cover;--awb-width-large:100%;--awb-margin-top-large:0px;--awb-spacing-right-large:1.92%;--awb-margin-bottom-large:0px;--awb-spacing-left-large:1.92%;--awb-width-medium:100%;--awb-spacing-right-medium:1.92%;--awb-spacing-left-medium:1.92%;--awb-width-small:100%;--awb-spacing-right-small:1.92%;--awb-spacing-left-small:1.92%;\"><div class=\"fusion-column-wrapper fusion-flex-justify-content-flex-start fusion-content-layout-column\"><div class=\"fusion-text fusion-text-2\"><h3>Wer <span style=\"color: #ec6064;\">wir sind<\/span><\/h3>\n<p>Wir sind AppliediT S.L. Sie finden uns in der Avenida Ingeniero F\u00e9lix Sancho 3, Planta 1, Oficina 3. El Puerto de Santa Mar\u00eda (C\u00e1diz) \u2013 Spanien.<\/p>\n<p>Unsere Website-Adresse lautet: <a href=\"https:\/\/applieditweb.com\/de\/\"><span style=\"color: #000000;\"><span style=\"color: #ec6064;\">https:\/\/applieditweb.com.<\/span><\/span><\/a><\/p>\n<h3>Welche <span style=\"color: #ec6064;\">Welche personenbezogenen<\/span> Daten wir erheben und warum wir sie erheben<\/h3>\n<p>Auf dieser Website k\u00f6nnen wir Daten von Ihnen sammeln, die personenbezogene Daten wie Name, E-Mail-Adresse, pers\u00f6nliche Kontoeinstellungen enthalten k\u00f6nnen; Transaktionsdaten, wie z. B. Kaufinformationen; und technische Daten, wie z. B. Cookie-Informationen. Personenbezogene Daten werden auch aus technischen Verfahren wie Kontaktformularen, Kommentaren, Cookies, Analysen und Einbettungen von Drittanbietern generiert.<\/p>\n<h3><span style=\"color: #ec6064;\">Feedback<\/span><\/h3>\n<p>Wenn Besucher Kommentare auf der Website schreiben, sammeln wir die Daten, die im Kommentarformular angezeigt werden, au\u00dferdem die IP-Adresse des Besuchers und den User-Agent-String (damit wird der Browser identifiziert), um die Erkennung von Spam zu unterst\u00fctzen.<\/p>\n<p>Eine anonyme Zeichenfolge, die aus Ihrer E-Mail-Adresse erstellt wird (auch Hash genannt), kann dem Gravatar-Dienst zur Verf\u00fcgung gestellt werden, um zu sehen, ob Sie ihn verwenden. Die Datenschutzerkl\u00e4rung des Gravatar-Dienstes finden Sie hier: https:\/\/automattic.com\/privacy\/. Nach der Freigabe Ihres Kommentars ist Ihr Profilbild im Kontext Ihres Kommentars \u00f6ffentlich sichtbar.<\/p>\n<h3><span style=\"color: #ec6064;\">Mitte<\/span><\/h3>\n<p>Wenn Sie Bilder auf die Website hochladen, sollten Sie das Hochladen von Bildern mit eingebetteten Standortdaten (GPS EXIF) vermeiden. Website-Besucher k\u00f6nnen beliebige Standortdaten aus Bildern auf der Website herunterladen und extrahieren.<\/p>\n<h3><span style=\"color: #ec6064;\">Cookies<\/span><\/h3>\n<p>Wenn Sie einen Kommentar auf unserer Website hinterlassen, k\u00f6nnen Sie Ihren Namen, Ihre E-Mail-Adresse und Ihre Website in Cookies speichern. Diese dienen Ihrer Bequemlichkeit, damit Sie Ihre Daten nicht erneut eingeben m\u00fcssen, wenn Sie einen weiteren Kommentar hinterlassen. Diese Cookies haben eine Laufzeit von einem Jahr.<\/p>\n<p>Wenn Sie ein Konto haben und sich auf dieser Website anmelden, setzen wir ein tempor\u00e4res Cookie, um festzustellen, ob Ihr Browser Cookies akzeptiert. Dieses Cookie enth\u00e4lt keine personenbezogenen Daten und wird verworfen, wenn Sie Ihren Browser schlie\u00dfen.<\/p>\n<p>Wenn Sie sich anmelden, setzen wir auch verschiedene Cookies, um Ihre Anmeldeinformationen und Bildschirmanzeigeoptionen zu speichern. Login-Cookies sind zwei Tage lang g\u00fcltig und Cookies f\u00fcr Bildschirmoptionen sind ein Jahr lang g\u00fcltig. Wenn Sie &#8222;Angemeldet bleiben&#8220; ausw\u00e4hlen, bleibt Ihr Login zwei Wochen lang bestehen. Wenn Sie sich aus Ihrem Konto ausloggen, werden die Login-Cookies gel\u00f6scht.<br \/>\nWenn Sie einen Artikel bearbeiten oder ver\u00f6ffentlichen, wird ein zus\u00e4tzliches Cookie in Ihrem Browser gespeichert. Dieses Cookie enth\u00e4lt keine personenbezogenen Daten und zeigt lediglich die Ver\u00f6ffentlichungs-ID des Artikels an, den Sie gerade bearbeitet haben. L\u00e4uft nach 1 Tag ab.<\/p>\n<h3><span style=\"color: #ec6064;\">Eingebettete Inhalte <\/span> von anderen Websites<\/h3>\n<p>Artikel auf dieser Website k\u00f6nnen eingebettete Inhalte (z. B. Videos, Bilder, Artikel usw.) enthalten. Eingebettete Inhalte von anderen Websites verhalten sich genau so, als ob der Besucher die andere Website besucht h\u00e4tte.<\/p>\n<p>Diese Websites k\u00f6nnen Daten \u00fcber Sie sammeln, Cookies verwenden, zus\u00e4tzliche Tracking-Dienste von Drittanbietern einbetten und Ihre Interaktion mit diesen eingebetteten Inhalten \u00fcberwachen, einschlie\u00dflich der Verfolgung Ihrer Interaktion mit den eingebetteten Inhalten, wenn Sie ein Konto haben und auf dieser Website angemeldet sind.<\/p>\n<h3><span style=\"color: #ec6064;\">Analytisch<\/span><\/h3>\n<p>Artikel auf dieser Website k\u00f6nnen eingebettete Inhalte (z. B. Videos, Bilder, Artikel usw.) enthalten. Eingebettete Inhalte von anderen Websites verhalten sich genau so, als ob der Besucher die andere Website besucht h\u00e4tte.<\/p>\n<p>Diese Websites k\u00f6nnen Daten \u00fcber Sie sammeln, Cookies verwenden, zus\u00e4tzliche Tracking-Dienste von Drittanbietern einbetten und Ihre Interaktion mit diesen eingebetteten Inhalten \u00fcberwachen, einschlie\u00dflich der Verfolgung Ihrer Interaktion mit den eingebetteten Inhalten, wenn Sie ein Konto haben und auf dieser Website angemeldet sind.<\/p>\n<h3>An wen wir Ihre<span style=\"color: #ec6064;\">Daten weitergeben<\/span><\/h3>\n<p>Standardm\u00e4\u00dfig gibt AppliediT S.L. keine personenbezogenen Daten an Dritte weiter.<\/p>\n<h3>Wie lange bewahren<span style=\"color: #ec6064;\">Daten aufbewahren<\/span><\/h3>\n<p>Wenn Sie einen Kommentar hinterlassen, bleiben der Kommentar und seine Metadaten auf unbestimmte Zeit erhalten. Auf diese Weise k\u00f6nnen wir Folgekommentare automatisch erkennen und genehmigen, anstatt sie in einer Moderationswarteschlange festzuhalten.<\/p>\n<p>F\u00fcr Nutzer, die sich auf unserer Website registrieren (falls zutreffend), speichern wir auch die personenbezogenen Daten, die sie in ihrem Benutzerprofil angeben. Alle Benutzer k\u00f6nnen ihre pers\u00f6nlichen Daten jederzeit einsehen, bearbeiten oder l\u00f6schen (mit der Ausnahme, dass sie ihren Benutzernamen nicht \u00e4ndern k\u00f6nnen). Website-Administratoren k\u00f6nnen diese Informationen ebenfalls anzeigen und bearbeiten.<\/p>\n<h3>Welche <span style=\"color: #ec6064;\">Rechte<\/span> Sie an Ihren Daten haben<\/h3>\n<p>Wenn Sie ein Konto auf dieser Website haben oder Kommentare hinterlassen haben, k\u00f6nnen Sie eine exportierte Datei der personenbezogenen Daten anfordern, die wir \u00fcber Sie gespeichert haben, einschlie\u00dflich der Daten, die Sie uns zur Verf\u00fcgung gestellt haben. Sie k\u00f6nnen auch verlangen, dass wir alle personenbezogenen Daten, die wir \u00fcber Sie gespeichert haben, l\u00f6schen. Davon ausgenommen sind Daten, die wir aus administrativen, rechtlichen oder sicherheitstechnischen Gr\u00fcnden aufbewahren m\u00fcssen.<\/p>\n<h3><span style=\"color: #ec6064;\">Wohin <\/span> wir Ihre Daten senden<\/h3>\n<p>Besucher-Kommentare k\u00f6nnen durch einen automatisierten Spam-Erkennungsdienst \u00fcberpr\u00fcft werden.<\/p>\n<h3>Kontakt<span style=\"color: #ec6064;\">informationen<\/span><\/h3>\n<p>Wenn Sie Fragen haben oder Kontakt mit uns aufnehmen m\u00f6chten, verwenden Sie bitte die folgende email:<br \/>\n<a href=\"mailto:contact@applieditweb.com\"><span style=\"color: #ec6064;\">contact@applieditweb.com<\/span><\/a><\/p>\n<\/div><\/div><\/div><\/div><\/div><\/p>\n","protected":false},"excerpt":{"rendered":"","protected":false},"author":23,"featured_media":0,"parent":0,"menu_order":0,"comment_status":"closed","ping_status":"closed","template":"","meta":{"_acf_changed":false,"footnotes":""},"class_list":["post-24452","page","type-page","status-publish","hentry"],"acf":[],"yoast_head":"<!-- This site is optimized with the Yoast SEO plugin v26.1 - https:\/\/yoast.com\/wordpress\/plugins\/seo\/ -->\n<title>Datenschutzrichtlinie - AppliediT<\/title>\n<meta name=\"description\" content=\"Datenschutzbestimmungen \u00fcber AppliediT. Wenn Sie Fragen haben oder mit uns in Kontakt treten m\u00f6chten, benutzen Sie bitte contact@applieditweb.com.\" \/>\n<meta name=\"robots\" content=\"index, follow, max-snippet:-1, max-image-preview:large, max-video-preview:-1\" \/>\n<link rel=\"canonical\" href=\"https:\/\/applieditweb.com\/de\/datenschutzrichtlinie\/\" \/>\n<meta property=\"og:locale\" content=\"de_DE\" \/>\n<meta property=\"og:type\" content=\"article\" \/>\n<meta property=\"og:title\" content=\"Datenschutzrichtlinie - AppliediT\" \/>\n<meta property=\"og:description\" content=\"Datenschutzbestimmungen \u00fcber AppliediT. Wenn Sie Fragen haben oder mit uns in Kontakt treten m\u00f6chten, benutzen Sie bitte contact@applieditweb.com.\" \/>\n<meta property=\"og:url\" content=\"https:\/\/applieditweb.com\/de\/datenschutzrichtlinie\/\" \/>\n<meta property=\"og:site_name\" content=\"AppliediT\" \/>\n<meta property=\"article:modified_time\" content=\"2024-05-16T09:13:19+00:00\" \/>\n<meta property=\"og:image\" content=\"https:\/\/applieditweb.com\/wp-content\/uploads\/2023\/02\/OG-Facebook-Twitter.png\" \/>\n\t<meta property=\"og:image:width\" content=\"2401\" \/>\n\t<meta property=\"og:image:height\" content=\"1350\" \/>\n\t<meta property=\"og:image:type\" content=\"image\/png\" \/>\n<meta name=\"twitter:card\" content=\"summary_large_image\" \/>\n<meta name=\"twitter:image\" content=\"https:\/\/applieditweb.com\/wp-content\/uploads\/2023\/02\/OG-Facebook-Twitter.png\" \/>\n<meta name=\"twitter:site\" content=\"@AppliediT_es\" \/>\n<meta name=\"twitter:label1\" content=\"Gesch\u00e4tzte Lesezeit\" \/>\n\t<meta name=\"twitter:data1\" content=\"4\u00a0Minuten\" \/>\n<script type=\"application\/ld+json\" class=\"yoast-schema-graph\">{\"@context\":\"https:\/\/schema.org\",\"@graph\":[{\"@type\":\"WebPage\",\"@id\":\"https:\/\/applieditweb.com\/de\/datenschutzrichtlinie\/\",\"url\":\"https:\/\/applieditweb.com\/de\/datenschutzrichtlinie\/\",\"name\":\"Datenschutzrichtlinie - AppliediT\",\"isPartOf\":{\"@id\":\"https:\/\/applieditweb.com\/de\/#website\"},\"datePublished\":\"2022-10-14T17:19:09+00:00\",\"dateModified\":\"2024-05-16T09:13:19+00:00\",\"description\":\"Datenschutzbestimmungen \u00fcber AppliediT. Wenn Sie Fragen haben oder mit uns in Kontakt treten m\u00f6chten, benutzen Sie bitte contact@applieditweb.com.\",\"breadcrumb\":{\"@id\":\"https:\/\/applieditweb.com\/de\/datenschutzrichtlinie\/#breadcrumb\"},\"inLanguage\":\"de\",\"potentialAction\":[{\"@type\":\"ReadAction\",\"target\":[\"https:\/\/applieditweb.com\/de\/datenschutzrichtlinie\/\"]}]},{\"@type\":\"BreadcrumbList\",\"@id\":\"https:\/\/applieditweb.com\/de\/datenschutzrichtlinie\/#breadcrumb\",\"itemListElement\":[{\"@type\":\"ListItem\",\"position\":1,\"name\":\"Home\",\"item\":\"https:\/\/applieditweb.com\/de\/\"},{\"@type\":\"ListItem\",\"position\":2,\"name\":\"Datenschutzrichtlinie\"}]},{\"@type\":\"WebSite\",\"@id\":\"https:\/\/applieditweb.com\/de\/#website\",\"url\":\"https:\/\/applieditweb.com\/de\/\",\"name\":\"appplieditweb.com\",\"description\":\"Capitalizing on Data\",\"publisher\":{\"@id\":\"https:\/\/applieditweb.com\/de\/#organization\"},\"potentialAction\":[{\"@type\":\"SearchAction\",\"target\":{\"@type\":\"EntryPoint\",\"urlTemplate\":\"https:\/\/applieditweb.com\/de\/?s={search_term_string}\"},\"query-input\":{\"@type\":\"PropertyValueSpecification\",\"valueRequired\":true,\"valueName\":\"search_term_string\"}}],\"inLanguage\":\"de\"},{\"@type\":\"Organization\",\"@id\":\"https:\/\/applieditweb.com\/de\/#organization\",\"name\":\"appplieditweb.com\",\"url\":\"https:\/\/applieditweb.com\/de\/\",\"logo\":{\"@type\":\"ImageObject\",\"inLanguage\":\"de\",\"@id\":\"https:\/\/applieditweb.com\/de\/#\/schema\/logo\/image\/\",\"url\":\"https:\/\/applieditweb.com\/wp-content\/uploads\/2022\/12\/appliedit-footer.webp\",\"contentUrl\":\"https:\/\/applieditweb.com\/wp-content\/uploads\/2022\/12\/appliedit-footer.webp\",\"width\":206,\"height\":60,\"caption\":\"appplieditweb.com\"},\"image\":{\"@id\":\"https:\/\/applieditweb.com\/de\/#\/schema\/logo\/image\/\"},\"sameAs\":[\"https:\/\/x.com\/AppliediT_es\",\"https:\/\/www.youtube.com\/@AppliediT\",\"https:\/\/www.instagram.com\/appliedit_es\/\"]}]}<\/script>\n<!-- \/ Yoast SEO plugin. -->","yoast_head_json":{"title":"Datenschutzrichtlinie - AppliediT","description":"Datenschutzbestimmungen \u00fcber AppliediT. Wenn Sie Fragen haben oder mit uns in Kontakt treten m\u00f6chten, benutzen Sie bitte contact@applieditweb.com.","robots":{"index":"index","follow":"follow","max-snippet":"max-snippet:-1","max-image-preview":"max-image-preview:large","max-video-preview":"max-video-preview:-1"},"canonical":"https:\/\/applieditweb.com\/de\/datenschutzrichtlinie\/","og_locale":"de_DE","og_type":"article","og_title":"Datenschutzrichtlinie - AppliediT","og_description":"Datenschutzbestimmungen \u00fcber AppliediT. Wenn Sie Fragen haben oder mit uns in Kontakt treten m\u00f6chten, benutzen Sie bitte contact@applieditweb.com.","og_url":"https:\/\/applieditweb.com\/de\/datenschutzrichtlinie\/","og_site_name":"AppliediT","article_modified_time":"2024-05-16T09:13:19+00:00","og_image":[{"width":2401,"height":1350,"url":"https:\/\/applieditweb.com\/wp-content\/uploads\/2023\/02\/OG-Facebook-Twitter.png","type":"image\/png"}],"twitter_card":"summary_large_image","twitter_image":"https:\/\/applieditweb.com\/wp-content\/uploads\/2023\/02\/OG-Facebook-Twitter.png","twitter_site":"@AppliediT_es","twitter_misc":{"Gesch\u00e4tzte Lesezeit":"4\u00a0Minuten"},"schema":{"@context":"https:\/\/schema.org","@graph":[{"@type":"WebPage","@id":"https:\/\/applieditweb.com\/de\/datenschutzrichtlinie\/","url":"https:\/\/applieditweb.com\/de\/datenschutzrichtlinie\/","name":"Datenschutzrichtlinie - AppliediT","isPartOf":{"@id":"https:\/\/applieditweb.com\/de\/#website"},"datePublished":"2022-10-14T17:19:09+00:00","dateModified":"2024-05-16T09:13:19+00:00","description":"Datenschutzbestimmungen \u00fcber AppliediT. Wenn Sie Fragen haben oder mit uns in Kontakt treten m\u00f6chten, benutzen Sie bitte contact@applieditweb.com.","breadcrumb":{"@id":"https:\/\/applieditweb.com\/de\/datenschutzrichtlinie\/#breadcrumb"},"inLanguage":"de","potentialAction":[{"@type":"ReadAction","target":["https:\/\/applieditweb.com\/de\/datenschutzrichtlinie\/"]}]},{"@type":"BreadcrumbList","@id":"https:\/\/applieditweb.com\/de\/datenschutzrichtlinie\/#breadcrumb","itemListElement":[{"@type":"ListItem","position":1,"name":"Home","item":"https:\/\/applieditweb.com\/de\/"},{"@type":"ListItem","position":2,"name":"Datenschutzrichtlinie"}]},{"@type":"WebSite","@id":"https:\/\/applieditweb.com\/de\/#website","url":"https:\/\/applieditweb.com\/de\/","name":"appplieditweb.com","description":"Capitalizing on Data","publisher":{"@id":"https:\/\/applieditweb.com\/de\/#organization"},"potentialAction":[{"@type":"SearchAction","target":{"@type":"EntryPoint","urlTemplate":"https:\/\/applieditweb.com\/de\/?s={search_term_string}"},"query-input":{"@type":"PropertyValueSpecification","valueRequired":true,"valueName":"search_term_string"}}],"inLanguage":"de"},{"@type":"Organization","@id":"https:\/\/applieditweb.com\/de\/#organization","name":"appplieditweb.com","url":"https:\/\/applieditweb.com\/de\/","logo":{"@type":"ImageObject","inLanguage":"de","@id":"https:\/\/applieditweb.com\/de\/#\/schema\/logo\/image\/","url":"https:\/\/applieditweb.com\/wp-content\/uploads\/2022\/12\/appliedit-footer.webp","contentUrl":"https:\/\/applieditweb.com\/wp-content\/uploads\/2022\/12\/appliedit-footer.webp","width":206,"height":60,"caption":"appplieditweb.com"},"image":{"@id":"https:\/\/applieditweb.com\/de\/#\/schema\/logo\/image\/"},"sameAs":["https:\/\/x.com\/AppliediT_es","https:\/\/www.youtube.com\/@AppliediT","https:\/\/www.instagram.com\/appliedit_es\/"]}]}},"_links":{"self":[{"href":"https:\/\/applieditweb.com\/de\/wp-json\/wp\/v2\/pages\/24452","targetHints":{"allow":["GET"]}}],"collection":[{"href":"https:\/\/applieditweb.com\/de\/wp-json\/wp\/v2\/pages"}],"about":[{"href":"https:\/\/applieditweb.com\/de\/wp-json\/wp\/v2\/types\/page"}],"author":[{"embeddable":true,"href":"https:\/\/applieditweb.com\/de\/wp-json\/wp\/v2\/users\/23"}],"replies":[{"embeddable":true,"href":"https:\/\/applieditweb.com\/de\/wp-json\/wp\/v2\/comments?post=24452"}],"version-history":[{"count":8,"href":"https:\/\/applieditweb.com\/de\/wp-json\/wp\/v2\/pages\/24452\/revisions"}],"predecessor-version":[{"id":31426,"href":"https:\/\/applieditweb.com\/de\/wp-json\/wp\/v2\/pages\/24452\/revisions\/31426"}],"wp:attachment":[{"href":"https:\/\/applieditweb.com\/de\/wp-json\/wp\/v2\/media?parent=24452"}],"curies":[{"name":"wp","href":"https:\/\/api.w.org\/{rel}","templated":true}]}}