{"id":24450,"date":"2022-12-27T22:29:16","date_gmt":"2022-12-27T20:29:16","guid":{"rendered":"https:\/\/applieditweb.com\/legal-advice\/"},"modified":"2024-10-18T14:19:54","modified_gmt":"2024-10-18T12:19:54","slug":"rechtlicher-hinweis","status":"publish","type":"page","link":"https:\/\/applieditweb.com\/de\/rechtlicher-hinweis\/","title":{"rendered":"Rechtlicher Hinweis"},"content":{"rendered":"<p><div class=\"fusion-fullwidth fullwidth-box fusion-builder-row-1 fusion-flex-container nonhundred-percent-fullwidth non-hundred-percent-height-scrolling\" style=\"--awb-border-radius-top-left:0px;--awb-border-radius-top-right:0px;--awb-border-radius-bottom-right:0px;--awb-border-radius-bottom-left:0px;--awb-flex-wrap:wrap;\" ><div class=\"fusion-builder-row fusion-row fusion-flex-align-items-flex-start fusion-flex-content-wrap\" style=\"max-width:1179.36px;margin-left: calc(-4% \/ 2 );margin-right: calc(-4% \/ 2 );\"><div class=\"fusion-layout-column fusion_builder_column fusion-builder-column-0 fusion_builder_column_1_1 1_1 fusion-flex-column\" style=\"--awb-bg-size:cover;--awb-width-large:100%;--awb-margin-top-large:0px;--awb-spacing-right-large:1.92%;--awb-margin-bottom-large:20px;--awb-spacing-left-large:1.92%;--awb-width-medium:100%;--awb-order-medium:0;--awb-spacing-right-medium:1.92%;--awb-spacing-left-medium:1.92%;--awb-width-small:100%;--awb-order-small:0;--awb-spacing-right-small:1.92%;--awb-spacing-left-small:1.92%;\"><div class=\"fusion-column-wrapper fusion-column-has-shadow fusion-flex-justify-content-flex-start fusion-content-layout-column\"><div class=\"fusion-text fusion-text-1\"><h5 class=\"legal\">RECHTLICH<\/h5>\n<h1 class=\"privacy\">Rechtlicher Hinweis<\/h1>\n<\/div><\/div><\/div><\/div><\/div><div class=\"fusion-fullwidth fullwidth-box fusion-builder-row-2 fusion-flex-container has-pattern-background has-mask-background nonhundred-percent-fullwidth non-hundred-percent-height-scrolling\" style=\"--awb-border-radius-top-left:0px;--awb-border-radius-top-right:0px;--awb-border-radius-bottom-right:0px;--awb-border-radius-bottom-left:0px;--awb-padding-right:91px;--awb-padding-left:91px;--awb-padding-right-small:10px;--awb-padding-left-small:10px;--awb-flex-wrap:wrap;\" ><div class=\"fusion-builder-row fusion-row fusion-flex-align-items-flex-start fusion-flex-content-wrap\" style=\"max-width:1179.36px;margin-left: calc(-4% \/ 2 );margin-right: calc(-4% \/ 2 );\"><div class=\"fusion-layout-column fusion_builder_column fusion-builder-column-1 fusion_builder_column_1_1 1_1 fusion-flex-column\" style=\"--awb-bg-blend:overlay;--awb-bg-size:cover;--awb-width-large:100%;--awb-margin-top-large:0px;--awb-spacing-right-large:1.92%;--awb-margin-bottom-large:0px;--awb-spacing-left-large:1.92%;--awb-width-medium:100%;--awb-spacing-right-medium:1.92%;--awb-spacing-left-medium:1.92%;--awb-width-small:100%;--awb-spacing-right-small:1.92%;--awb-spacing-left-small:1.92%;\"><div class=\"fusion-column-wrapper fusion-flex-justify-content-flex-start fusion-content-layout-column\"><div class=\"fusion-text fusion-text-2\"><h3 class=\"fusion-responsive-typography-calculated\" style=\"--fontsize: 40; line-height: 1.26;\" data-fontsize=\"40\" data-lineheight=\"50.4px\">Rechtliche Hinweise und <span style=\"color: #ec6064;\">Datenschutz<\/span><\/h3>\n<p><span class=\"VIpgJd-yAWNEb-VIpgJd-fmcmS-sn54Q\">In \u00dcbereinstimmung mit Artikel 10 des Gesetzes 34\/2002 vom 11. Juli \u00fcber Dienstleistungen der Informationsgesellschaft und des elektronischen Gesch\u00e4ftsverkehrs (LSSICE) werden die Identifikationsdaten des Unternehmens im Folgenden aufgef\u00fchrt.<\/span><\/p>\n<h3>Fiskalischer Name<\/h3>\n<p>AppliediT<\/p>\n<h3>Steuer-Identifikationsnummer<\/h3>\n<p>B72287279<\/p>\n<h3><span style=\"color: #ec6064;\">Einwohnermeldeamt:<\/span><\/h3>\n<p><span class=\"\">Pol. Ind. Las Salinas de Poniente<br \/>\nAv. Ingeniero F\u00e9lix Sancho, 3 \u2013 Floor 1 Office 3<br \/>\n11500 \u2013 El Puerto de Santa Mar\u00eda, C\u00e1diz<\/p>\n<p>E-mail: contact@applieditweb.com<\/p>\n<h3><span style=\"color: #ec6064;\">Telefonnummer<br \/>\n<\/span><\/h3>\n<p>+34 856 00 39 83<\/p>\n<h3><span style=\"color: #ec6064;\">Informationen<\/span> zur Registrierung<\/h3>\n<p>AppliediT, Gesellschaft mit beschr\u00e4nkter Haftung, gegr\u00fcndet im Jahr 2015 durch den Notar Antonio Manuel Torres Dom\u00ednguez vom Illustren Kolleg von Andalusien.<br \/>\nEingetragen im Handelsregister von C\u00e1diz in Band 2.158, Blatt 212 und Blatt 212, Eintragung 1a.<\/p>\n<p>Diese Website wurde von der Firma AppliediT zur Information und zum pers\u00f6nlichen Gebrauch der Nutzer erstellt. Mit diesem rechtlichen Hinweis soll der Zugang und die Nutzung dieser Website sowie die Beziehung zwischen der Website und ihren Nutzern geregelt werden. Mit dem Zugriff auf diese Website akzeptieren Sie die folgenden Bedingungen: Der Zugriff auf diese Website liegt in der alleinigen Verantwortung der Benutzer.<\/p>\n<p>Der blo\u00dfe Zugriff auf diese Website impliziert keinerlei Gesch\u00e4ftsbeziehung zwischen AppliediT und dem Nutzer.<\/p>\n<p>Der Zugriff und die Navigation auf dieser Website setzen voraus, dass Sie die darin enthaltenen rechtlichen Hinweise, Bedingungen und Nutzungsbedingungen akzeptieren und kennen.<\/p>\n<p>Der Eigent\u00fcmer der Website kann Dienstleistungen oder Produkte anbieten, die besonderen Bedingungen unterliegen k\u00f6nnen, die diese Bedingungen ersetzen, erg\u00e4nzen und \/ oder \u00e4ndern und \u00fcber die der Benutzer in jedem Einzelfall informiert wird.<\/p>\n<p><span style=\"color: #ffffff;\"><a style=\"color: #ffffff;\" href=\"https:\/\/applieditweb.com\/de\/privacy-policy\/\" target=\"_blank\" rel=\"noopener\">Siehe unsere Datenschutzrichtlinie<\/a><\/span><\/p>\n<\/div><\/div><\/div><\/div><\/div><\/p>\n","protected":false},"excerpt":{"rendered":"","protected":false},"author":23,"featured_media":0,"parent":0,"menu_order":0,"comment_status":"closed","ping_status":"closed","template":"","meta":{"_acf_changed":false,"footnotes":""},"class_list":["post-24450","page","type-page","status-publish","hentry"],"acf":[],"yoast_head":"<!-- This site is optimized with the Yoast SEO plugin v26.1 - https:\/\/yoast.com\/wordpress\/plugins\/seo\/ -->\n<title>Rechtlicher Hinweis - AppliediT<\/title>\n<meta name=\"description\" content=\"Rechtliche Hinweise und Datenschutzbestimmungen von AppliediT. Steueridentifikation, Telefonnummer, Steuername und Registrierungsinformationen.\" \/>\n<meta name=\"robots\" content=\"index, follow, max-snippet:-1, max-image-preview:large, max-video-preview:-1\" \/>\n<link rel=\"canonical\" href=\"https:\/\/applieditweb.com\/de\/rechtlicher-hinweis\/\" \/>\n<meta property=\"og:locale\" content=\"de_DE\" \/>\n<meta property=\"og:type\" content=\"article\" \/>\n<meta property=\"og:title\" content=\"Rechtlicher Hinweis - AppliediT\" \/>\n<meta property=\"og:description\" content=\"Rechtliche Hinweise und Datenschutzbestimmungen von AppliediT. Steueridentifikation, Telefonnummer, Steuername und Registrierungsinformationen.\" \/>\n<meta property=\"og:url\" content=\"https:\/\/applieditweb.com\/de\/rechtlicher-hinweis\/\" \/>\n<meta property=\"og:site_name\" content=\"AppliediT\" \/>\n<meta property=\"article:modified_time\" content=\"2024-10-18T12:19:54+00:00\" \/>\n<meta name=\"twitter:card\" content=\"summary_large_image\" \/>\n<meta name=\"twitter:site\" content=\"@AppliediT_es\" \/>\n<meta name=\"twitter:label1\" content=\"Gesch\u00e4tzte Lesezeit\" \/>\n\t<meta name=\"twitter:data1\" content=\"2\u00a0Minuten\" \/>\n<script type=\"application\/ld+json\" class=\"yoast-schema-graph\">{\"@context\":\"https:\/\/schema.org\",\"@graph\":[{\"@type\":\"WebPage\",\"@id\":\"https:\/\/applieditweb.com\/de\/rechtlicher-hinweis\/\",\"url\":\"https:\/\/applieditweb.com\/de\/rechtlicher-hinweis\/\",\"name\":\"Rechtlicher Hinweis - AppliediT\",\"isPartOf\":{\"@id\":\"https:\/\/applieditweb.com\/de\/#website\"},\"datePublished\":\"2022-12-27T20:29:16+00:00\",\"dateModified\":\"2024-10-18T12:19:54+00:00\",\"description\":\"Rechtliche Hinweise und Datenschutzbestimmungen von AppliediT. Steueridentifikation, Telefonnummer, Steuername und Registrierungsinformationen.\",\"breadcrumb\":{\"@id\":\"https:\/\/applieditweb.com\/de\/rechtlicher-hinweis\/#breadcrumb\"},\"inLanguage\":\"de\",\"potentialAction\":[{\"@type\":\"ReadAction\",\"target\":[\"https:\/\/applieditweb.com\/de\/rechtlicher-hinweis\/\"]}]},{\"@type\":\"BreadcrumbList\",\"@id\":\"https:\/\/applieditweb.com\/de\/rechtlicher-hinweis\/#breadcrumb\",\"itemListElement\":[{\"@type\":\"ListItem\",\"position\":1,\"name\":\"Home\",\"item\":\"https:\/\/applieditweb.com\/de\/\"},{\"@type\":\"ListItem\",\"position\":2,\"name\":\"Rechtlicher Hinweis\"}]},{\"@type\":\"WebSite\",\"@id\":\"https:\/\/applieditweb.com\/de\/#website\",\"url\":\"https:\/\/applieditweb.com\/de\/\",\"name\":\"appplieditweb.com\",\"description\":\"Capitalizing on Data\",\"publisher\":{\"@id\":\"https:\/\/applieditweb.com\/de\/#organization\"},\"potentialAction\":[{\"@type\":\"SearchAction\",\"target\":{\"@type\":\"EntryPoint\",\"urlTemplate\":\"https:\/\/applieditweb.com\/de\/?s={search_term_string}\"},\"query-input\":{\"@type\":\"PropertyValueSpecification\",\"valueRequired\":true,\"valueName\":\"search_term_string\"}}],\"inLanguage\":\"de\"},{\"@type\":\"Organization\",\"@id\":\"https:\/\/applieditweb.com\/de\/#organization\",\"name\":\"appplieditweb.com\",\"url\":\"https:\/\/applieditweb.com\/de\/\",\"logo\":{\"@type\":\"ImageObject\",\"inLanguage\":\"de\",\"@id\":\"https:\/\/applieditweb.com\/de\/#\/schema\/logo\/image\/\",\"url\":\"https:\/\/applieditweb.com\/wp-content\/uploads\/2022\/12\/appliedit-footer.webp\",\"contentUrl\":\"https:\/\/applieditweb.com\/wp-content\/uploads\/2022\/12\/appliedit-footer.webp\",\"width\":206,\"height\":60,\"caption\":\"appplieditweb.com\"},\"image\":{\"@id\":\"https:\/\/applieditweb.com\/de\/#\/schema\/logo\/image\/\"},\"sameAs\":[\"https:\/\/x.com\/AppliediT_es\",\"https:\/\/www.youtube.com\/@AppliediT\",\"https:\/\/www.instagram.com\/appliedit_es\/\"]}]}<\/script>\n<!-- \/ Yoast SEO plugin. -->","yoast_head_json":{"title":"Rechtlicher Hinweis - AppliediT","description":"Rechtliche Hinweise und Datenschutzbestimmungen von AppliediT. Steueridentifikation, Telefonnummer, Steuername und Registrierungsinformationen.","robots":{"index":"index","follow":"follow","max-snippet":"max-snippet:-1","max-image-preview":"max-image-preview:large","max-video-preview":"max-video-preview:-1"},"canonical":"https:\/\/applieditweb.com\/de\/rechtlicher-hinweis\/","og_locale":"de_DE","og_type":"article","og_title":"Rechtlicher Hinweis - AppliediT","og_description":"Rechtliche Hinweise und Datenschutzbestimmungen von AppliediT. Steueridentifikation, Telefonnummer, Steuername und Registrierungsinformationen.","og_url":"https:\/\/applieditweb.com\/de\/rechtlicher-hinweis\/","og_site_name":"AppliediT","article_modified_time":"2024-10-18T12:19:54+00:00","twitter_card":"summary_large_image","twitter_site":"@AppliediT_es","twitter_misc":{"Gesch\u00e4tzte Lesezeit":"2\u00a0Minuten"},"schema":{"@context":"https:\/\/schema.org","@graph":[{"@type":"WebPage","@id":"https:\/\/applieditweb.com\/de\/rechtlicher-hinweis\/","url":"https:\/\/applieditweb.com\/de\/rechtlicher-hinweis\/","name":"Rechtlicher Hinweis - AppliediT","isPartOf":{"@id":"https:\/\/applieditweb.com\/de\/#website"},"datePublished":"2022-12-27T20:29:16+00:00","dateModified":"2024-10-18T12:19:54+00:00","description":"Rechtliche Hinweise und Datenschutzbestimmungen von AppliediT. Steueridentifikation, Telefonnummer, Steuername und Registrierungsinformationen.","breadcrumb":{"@id":"https:\/\/applieditweb.com\/de\/rechtlicher-hinweis\/#breadcrumb"},"inLanguage":"de","potentialAction":[{"@type":"ReadAction","target":["https:\/\/applieditweb.com\/de\/rechtlicher-hinweis\/"]}]},{"@type":"BreadcrumbList","@id":"https:\/\/applieditweb.com\/de\/rechtlicher-hinweis\/#breadcrumb","itemListElement":[{"@type":"ListItem","position":1,"name":"Home","item":"https:\/\/applieditweb.com\/de\/"},{"@type":"ListItem","position":2,"name":"Rechtlicher Hinweis"}]},{"@type":"WebSite","@id":"https:\/\/applieditweb.com\/de\/#website","url":"https:\/\/applieditweb.com\/de\/","name":"appplieditweb.com","description":"Capitalizing on Data","publisher":{"@id":"https:\/\/applieditweb.com\/de\/#organization"},"potentialAction":[{"@type":"SearchAction","target":{"@type":"EntryPoint","urlTemplate":"https:\/\/applieditweb.com\/de\/?s={search_term_string}"},"query-input":{"@type":"PropertyValueSpecification","valueRequired":true,"valueName":"search_term_string"}}],"inLanguage":"de"},{"@type":"Organization","@id":"https:\/\/applieditweb.com\/de\/#organization","name":"appplieditweb.com","url":"https:\/\/applieditweb.com\/de\/","logo":{"@type":"ImageObject","inLanguage":"de","@id":"https:\/\/applieditweb.com\/de\/#\/schema\/logo\/image\/","url":"https:\/\/applieditweb.com\/wp-content\/uploads\/2022\/12\/appliedit-footer.webp","contentUrl":"https:\/\/applieditweb.com\/wp-content\/uploads\/2022\/12\/appliedit-footer.webp","width":206,"height":60,"caption":"appplieditweb.com"},"image":{"@id":"https:\/\/applieditweb.com\/de\/#\/schema\/logo\/image\/"},"sameAs":["https:\/\/x.com\/AppliediT_es","https:\/\/www.youtube.com\/@AppliediT","https:\/\/www.instagram.com\/appliedit_es\/"]}]}},"_links":{"self":[{"href":"https:\/\/applieditweb.com\/de\/wp-json\/wp\/v2\/pages\/24450","targetHints":{"allow":["GET"]}}],"collection":[{"href":"https:\/\/applieditweb.com\/de\/wp-json\/wp\/v2\/pages"}],"about":[{"href":"https:\/\/applieditweb.com\/de\/wp-json\/wp\/v2\/types\/page"}],"author":[{"embeddable":true,"href":"https:\/\/applieditweb.com\/de\/wp-json\/wp\/v2\/users\/23"}],"replies":[{"embeddable":true,"href":"https:\/\/applieditweb.com\/de\/wp-json\/wp\/v2\/comments?post=24450"}],"version-history":[{"count":12,"href":"https:\/\/applieditweb.com\/de\/wp-json\/wp\/v2\/pages\/24450\/revisions"}],"predecessor-version":[{"id":33527,"href":"https:\/\/applieditweb.com\/de\/wp-json\/wp\/v2\/pages\/24450\/revisions\/33527"}],"wp:attachment":[{"href":"https:\/\/applieditweb.com\/de\/wp-json\/wp\/v2\/media?parent=24450"}],"curies":[{"name":"wp","href":"https:\/\/api.w.org\/{rel}","templated":true}]}}